{"id":2918,"date":"2019-09-16T13:00:08","date_gmt":"2019-09-16T11:00:08","guid":{"rendered":"http:\/\/atelierarchitecturecroisette.fr\/mediterraneennesoutdoor\/"},"modified":"2021-07-30T12:20:54","modified_gmt":"2021-07-30T10:20:54","slug":"mediterraneennesoutdoor","status":"publish","type":"page","link":"https:\/\/atelierarchitecturecroisette.fr\/en\/mediterraneennesoutdoor\/","title":{"rendered":"M\u00e9dit\u00e9rran\u00e9ennesOutdoor"},"content":{"rendered":"<p>[et_pb_section fb_built=&#8221;1&#8243; _builder_version=&#8221;3.22&#8243; custom_padding=&#8221;39px|0px|0|0px|false|false&#8221;][et_pb_row _builder_version=&#8221;3.25&#8243; custom_padding=&#8221;0|0px|25px|0|false|false&#8221;][et_pb_column type=&#8221;4_4&#8243; _builder_version=&#8221;3.25&#8243; custom_padding=&#8221;|||&#8221; custom_padding__hover=&#8221;|||&#8221;][et_pb_text module_class=&#8221;ResizedTitleMedi&#8221; _builder_version=&#8221;4.9.10&#8243; text_font=&#8221;|300||on|||||&#8221; text_font_size=&#8221;60px&#8221; text_orientation=&#8221;center&#8221; hover_enabled=&#8221;0&#8243; z_index_tablet=&#8221;500&#8243; sticky_enabled=&#8221;0&#8243;]<\/p>\n<p style=\"color: #bd532b;\"><strong>Mediterranean<\/strong><\/p>\n<p>[\/et_pb_text][\/et_pb_column][\/et_pb_row][et_pb_row column_structure=&#8221;1_2,1_2&#8243; _builder_version=&#8221;3.25&#8243; background_size=&#8221;initial&#8221; background_position=&#8221;top_left&#8221; background_repeat=&#8221;repeat&#8221;][et_pb_column type=&#8221;1_2&#8243; _builder_version=&#8221;3.25&#8243; custom_padding=&#8221;|||&#8221; custom_padding__hover=&#8221;|||&#8221;][et_pb_button button_url=&#8221;https:\/\/atelierarchitecturecroisette.fr\/outdoor\/&#8221; button_text=&#8221;BACK&#8221; button_alignment=&#8221;left&#8221; module_class=&#8221;BoutonBack&#8221; _builder_version=&#8221;3.21.1&#8243; custom_button=&#8221;on&#8221; button_text_color=&#8221;#000000&#8243; button_border_color=&#8221;rgba(0,0,0,0)&#8221; button_icon_color=&#8221;#000000&#8243; z_index_tablet=&#8221;500&#8243; saved_tabs=&#8221;all&#8221;][\/et_pb_button][\/et_pb_column][et_pb_column type=&#8221;1_2&#8243; _builder_version=&#8221;3.25&#8243; custom_padding=&#8221;|||&#8221; custom_padding__hover=&#8221;|||&#8221;][et_pb_button button_url=&#8221;https:\/\/atelierarchitecturecroisette.fr\/&#8221; button_text=&#8221;HOME&#8221; button_alignment=&#8221;right&#8221; _builder_version=&#8221;4.9.10&#8243; custom_button=&#8221;on&#8221; button_text_color=&#8221;#000000&#8243; button_border_width=&#8221;0&#8243; z_index_tablet=&#8221;500&#8243; saved_tabs=&#8221;all&#8221;][\/et_pb_button][\/et_pb_column][\/et_pb_row][et_pb_row use_custom_gutter=&#8221;on&#8221; gutter_width=&#8221;1&#8243; module_class=&#8221; et_pb_row_fullwidth&#8221; _builder_version=&#8221;3.25&#8243; width=&#8221;100%&#8221; width_tablet=&#8221;100%&#8221; width_phone=&#8221;&#8221; width_last_edited=&#8221;on|desktop&#8221; max_width=&#8221;100%&#8221; max_width_tablet=&#8221;100%&#8221; max_width_phone=&#8221;&#8221; max_width_last_edited=&#8221;on|desktop&#8221; custom_padding=&#8221;0|0px|50px|0px|false|false&#8221; make_fullwidth=&#8221;on&#8221;][et_pb_column type=&#8221;4_4&#8243; _builder_version=&#8221;3.25&#8243; custom_padding=&#8221;|||&#8221; custom_padding__hover=&#8221;|||&#8221;][et_pb_gallery gallery_ids=&#8221;2083,2082,2081,2080,2079,2078,2077,2076,2075,2074,2073,2072,2071,1675,1674,1673,1672,1671,1662,1661,1660,1659,1658,1657&#8243; gallery_orderby=&#8221;rand&#8221; posts_number=&#8221;50&#8243; show_title_and_caption=&#8221;off&#8221; show_pagination=&#8221;off&#8221; zoom_icon_color=&#8221;rgba(0,0,0,0)&#8221; hover_overlay_color=&#8221;rgba(0,0,0,0)&#8221; _builder_version=&#8221;3.21.1&#8243; custom_margin=&#8221;|0px||0px&#8221; z_index_tablet=&#8221;500&#8243; custom_css_gallery_item=&#8221;padding: 1px;&#8221;][\/et_pb_gallery][\/et_pb_column][\/et_pb_row][\/et_pb_section][et_pb_section fb_built=&#8221;1&#8243; module_class=&#8221;FooterPerso&#8221; _builder_version=&#8221;3.22&#8243; background_color=&#8221;#000000&#8243; custom_padding=&#8221;0px|0px|20px|0px&#8221; z_index_tablet=&#8221;500&#8243; custom_css_main_element=&#8221;z-index:1;&#8221;][et_pb_row column_structure=&#8221;1_4,1_4,1_4,1_4&#8243; admin_label=&#8221;GlobalFooterEnRow&#8221; _builder_version=&#8221;4.6.6&#8243; background_size=&#8221;initial&#8221; background_position=&#8221;top_left&#8221; background_repeat=&#8221;repeat&#8221; max_width=&#8221;80%&#8221; global_module=&#8221;4846&#8243;][et_pb_column type=&#8221;1_4&#8243; _builder_version=&#8221;4.6.6&#8243; _module_preset=&#8221;default&#8221;][et_pb_text _builder_version=&#8221;4.9.10&#8243; text_font_size=&#8221;12px&#8221; text_line_height=&#8221;1em&#8221; z_index_tablet=&#8221;500&#8243;]<\/p>\n<p><a class=\"mentions\" style=\"color: #ffffff;cursor:pointer;\" href=\"https:\/\/atelierarchitecturecroisette.fr\/en\/\">HOME<\/a><\/p>\n<p><a class=\"mentions\" style=\"color: #ffffff;cursor:pointer;\" href=\"https:\/\/atelierarchitecturecroisette.fr\/en\/politique-de-confidentialite\/\">PRIVACY<\/a><\/p>\n<p><span style=\"color: #bd532b;\" color=\"#bd532b\"><strong>TEL:<\/strong> <span class=\"telephone\"><a style=\"color:#ffffff;\" href=\"tel:+33(0)4 82 29 22 19\">+33(0)4 82 29 22 19<\/a><\/span> <strong>&#8211; MAIL:<\/strong> <a style=\"color: #ffffff;\" class=\"mailtoinfo\" href=\"mailto:info@atelier-ac.fr\">info@atelier-ac.fr<\/a><\/span><\/p>\n<p>[\/et_pb_text][\/et_pb_column][et_pb_column type=&#8221;1_4&#8243; _builder_version=&#8221;4.6.6&#8243; _module_preset=&#8221;default&#8221;][et_pb_text admin_label=&#8221;GlobalFooterEn&#8221; module_class=&#8221;GlobalFooterEnText&#8221; _builder_version=&#8221;4.9.10&#8243; _module_preset=&#8221;default&#8221; text_font=&#8221;|||on|||||&#8221; text_text_color=&#8221;#ffffff&#8221; text_font_size=&#8221;12px&#8221; link_text_color=&#8221;#ffffff&#8221;]<\/p>\n<p><a href=\"https:\/\/atelierarchitecturecroisette.fr\/en\/architect-mougins\/\">Architect in Mougins<\/a><br \/><a href=\"https:\/\/atelierarchitecturecroisette.fr\/architecte-eze\/\">Architect in Eze<\/a><br \/><a href=\"https:\/\/atelierarchitecturecroisette.fr\/architecte-roquebrune-cap-martin\/\">Architect in Roquebrune-Cap-Martin<\/a><\/p>\n<p>[\/et_pb_text][\/et_pb_column][et_pb_column type=&#8221;1_4&#8243; _builder_version=&#8221;4.6.6&#8243; _module_preset=&#8221;default&#8221;][et_pb_text admin_label=&#8221;GlobalFooterEn&#8221; module_class=&#8221;GlobalFooterEnText&#8221; _builder_version=&#8221;4.9.10&#8243; _module_preset=&#8221;default&#8221; text_font=&#8221;|||on|||||&#8221; text_text_color=&#8221;#ffffff&#8221; text_font_size=&#8221;12px&#8221; link_text_color=&#8221;#ffffff&#8221;]<a href=\"https:\/\/atelierarchitecturecroisette.fr\/architecte-villefranche-sur-mer\/\">Architect in Villefranche-sur-mer<\/a><br \/>\n<a href=\"https:\/\/atelierarchitecturecroisette.fr\/en\/architect-saint-jean-cap-ferrat\/\">Architect in Saint-Jean-Cap-Ferrat<\/a><br \/>\n<a href=\"https:\/\/atelierarchitecturecroisette.fr\/en\/architect-saint-tropez\/\">Architect in Saint-Tropez<\/a>[\/et_pb_text][\/et_pb_column][et_pb_column type=&#8221;1_4&#8243; _builder_version=&#8221;4.6.6&#8243; _module_preset=&#8221;default&#8221;][et_pb_text admin_label=&#8221;GlobalFooterEn&#8221; module_class=&#8221;GlobalFooterEnText&#8221; _builder_version=&#8221;4.9.10&#8243; _module_preset=&#8221;default&#8221; text_font=&#8221;|||on|||||&#8221; text_text_color=&#8221;#ffffff&#8221; text_font_size=&#8221;12px&#8221; link_text_color=&#8221;#ffffff&#8221;]<a href=\"https:\/\/atelierarchitecturecroisette.fr\/en\/architect-antibes\/\">Architect in Antibes<\/a><br \/>\n<a href=\"https:\/\/atelierarchitecturecroisette.fr\/en\/architect-cannes\/\">Architect in Cannes<\/a><br \/>\n<a href=\"https:\/\/atelierarchitecturecroisette.fr\/en\/architect-ramatuelle\/\">Architect in Ramatuelle<\/a>[\/et_pb_text][\/et_pb_column][\/et_pb_row][\/et_pb_section]<\/p>\n","protected":false},"excerpt":{"rendered":"<p>Mediterranean HOME PRIVACY TEL: +33(0)4 82 29 22 19 &#8211; MAIL: info@atelier-ac.frArchitect in MouginsArchitect in EzeArchitect in Roquebrune-Cap-MartinArchitect in Villefranche-sur-mer Architect in Saint-Jean-Cap-Ferrat Architect in Saint-TropezArchitect in Antibes Architect in Cannes Architect in Ramatuelle<\/p>\n","protected":false},"author":3,"featured_media":0,"parent":0,"menu_order":0,"comment_status":"closed","ping_status":"closed","template":"","meta":{"_et_pb_use_builder":"on","_et_pb_old_content":"","_et_gb_content_width":"","footnotes":""},"yoast_head":"<!-- This site is optimized with the Yoast SEO plugin v22.3 - https:\/\/yoast.com\/wordpress\/plugins\/seo\/ -->\n<title>M\u00e9dit\u00e9rran\u00e9ennesOutdoor - Atelier Architecture Croisette<\/title>\n<meta name=\"robots\" content=\"index, follow, max-snippet:-1, max-image-preview:large, max-video-preview:-1\" \/>\n<link rel=\"canonical\" href=\"https:\/\/atelierarchitecturecroisette.fr\/mediterraneennesoutdoor\/\" \/>\n<meta property=\"og:locale\" content=\"en_US\" \/>\n<meta property=\"og:type\" content=\"article\" \/>\n<meta property=\"og:title\" content=\"M\u00e9dit\u00e9rran\u00e9ennesOutdoor - Atelier Architecture Croisette\" \/>\n<meta property=\"og:description\" content=\"Mediterranean HOME PRIVACY TEL: +33(0)4 82 29 22 19 - MAIL: info@atelier-ac.frArchitect in MouginsArchitect in EzeArchitect in Roquebrune-Cap-MartinArchitect in Villefranche-sur-mer Architect in Saint-Jean-Cap-Ferrat Architect in Saint-TropezArchitect in Antibes Architect in Cannes Architect in Ramatuelle\" \/>\n<meta property=\"og:url\" content=\"https:\/\/atelierarchitecturecroisette.fr\/mediterraneennesoutdoor\/\" \/>\n<meta property=\"og:site_name\" content=\"Atelier Architecture Croisette\" \/>\n<meta property=\"article:modified_time\" content=\"2021-07-30T10:20:54+00:00\" \/>\n<meta name=\"twitter:card\" content=\"summary_large_image\" \/>\n<meta name=\"twitter:label1\" content=\"Est. reading time\" \/>\n\t<meta name=\"twitter:data1\" content=\"3 minutes\" \/>\n<script type=\"application\/ld+json\" class=\"yoast-schema-graph\">{\"@context\":\"https:\/\/schema.org\",\"@graph\":[{\"@type\":\"WebPage\",\"@id\":\"https:\/\/atelierarchitecturecroisette.fr\/mediterraneennesoutdoor\/\",\"url\":\"https:\/\/atelierarchitecturecroisette.fr\/mediterraneennesoutdoor\/\",\"name\":\"M\u00e9dit\u00e9rran\u00e9ennesOutdoor - Atelier Architecture Croisette\",\"isPartOf\":{\"@id\":\"https:\/\/atelierarchitecturecroisette.fr\/#website\"},\"datePublished\":\"2019-09-16T11:00:08+00:00\",\"dateModified\":\"2021-07-30T10:20:54+00:00\",\"breadcrumb\":{\"@id\":\"https:\/\/atelierarchitecturecroisette.fr\/mediterraneennesoutdoor\/#breadcrumb\"},\"inLanguage\":\"en-US\",\"potentialAction\":[{\"@type\":\"ReadAction\",\"target\":[\"https:\/\/atelierarchitecturecroisette.fr\/mediterraneennesoutdoor\/\"]}]},{\"@type\":\"BreadcrumbList\",\"@id\":\"https:\/\/atelierarchitecturecroisette.fr\/mediterraneennesoutdoor\/#breadcrumb\",\"itemListElement\":[{\"@type\":\"ListItem\",\"position\":1,\"name\":\"Accueil\",\"item\":\"https:\/\/atelierarchitecturecroisette.fr\/en\/\"},{\"@type\":\"ListItem\",\"position\":2,\"name\":\"M\u00e9dit\u00e9rran\u00e9ennesOutdoor\"}]},{\"@type\":\"WebSite\",\"@id\":\"https:\/\/atelierarchitecturecroisette.fr\/#website\",\"url\":\"https:\/\/atelierarchitecturecroisette.fr\/\",\"name\":\"Atelier Architecture Croisette\",\"description\":\"\",\"potentialAction\":[{\"@type\":\"SearchAction\",\"target\":{\"@type\":\"EntryPoint\",\"urlTemplate\":\"https:\/\/atelierarchitecturecroisette.fr\/?s={search_term_string}\"},\"query-input\":\"required name=search_term_string\"}],\"inLanguage\":\"en-US\"}]}<\/script>\n<!-- \/ Yoast SEO plugin. -->","yoast_head_json":{"title":"M\u00e9dit\u00e9rran\u00e9ennesOutdoor - Atelier Architecture Croisette","robots":{"index":"index","follow":"follow","max-snippet":"max-snippet:-1","max-image-preview":"max-image-preview:large","max-video-preview":"max-video-preview:-1"},"canonical":"https:\/\/atelierarchitecturecroisette.fr\/mediterraneennesoutdoor\/","og_locale":"en_US","og_type":"article","og_title":"M\u00e9dit\u00e9rran\u00e9ennesOutdoor - Atelier Architecture Croisette","og_description":"Mediterranean HOME PRIVACY TEL: +33(0)4 82 29 22 19 - MAIL: info@atelier-ac.frArchitect in MouginsArchitect in EzeArchitect in Roquebrune-Cap-MartinArchitect in Villefranche-sur-mer Architect in Saint-Jean-Cap-Ferrat Architect in Saint-TropezArchitect in Antibes Architect in Cannes Architect in Ramatuelle","og_url":"https:\/\/atelierarchitecturecroisette.fr\/mediterraneennesoutdoor\/","og_site_name":"Atelier Architecture Croisette","article_modified_time":"2021-07-30T10:20:54+00:00","twitter_card":"summary_large_image","twitter_misc":{"Est. reading time":"3 minutes"},"schema":{"@context":"https:\/\/schema.org","@graph":[{"@type":"WebPage","@id":"https:\/\/atelierarchitecturecroisette.fr\/mediterraneennesoutdoor\/","url":"https:\/\/atelierarchitecturecroisette.fr\/mediterraneennesoutdoor\/","name":"M\u00e9dit\u00e9rran\u00e9ennesOutdoor - Atelier Architecture Croisette","isPartOf":{"@id":"https:\/\/atelierarchitecturecroisette.fr\/#website"},"datePublished":"2019-09-16T11:00:08+00:00","dateModified":"2021-07-30T10:20:54+00:00","breadcrumb":{"@id":"https:\/\/atelierarchitecturecroisette.fr\/mediterraneennesoutdoor\/#breadcrumb"},"inLanguage":"en-US","potentialAction":[{"@type":"ReadAction","target":["https:\/\/atelierarchitecturecroisette.fr\/mediterraneennesoutdoor\/"]}]},{"@type":"BreadcrumbList","@id":"https:\/\/atelierarchitecturecroisette.fr\/mediterraneennesoutdoor\/#breadcrumb","itemListElement":[{"@type":"ListItem","position":1,"name":"Accueil","item":"https:\/\/atelierarchitecturecroisette.fr\/en\/"},{"@type":"ListItem","position":2,"name":"M\u00e9dit\u00e9rran\u00e9ennesOutdoor"}]},{"@type":"WebSite","@id":"https:\/\/atelierarchitecturecroisette.fr\/#website","url":"https:\/\/atelierarchitecturecroisette.fr\/","name":"Atelier Architecture Croisette","description":"","potentialAction":[{"@type":"SearchAction","target":{"@type":"EntryPoint","urlTemplate":"https:\/\/atelierarchitecturecroisette.fr\/?s={search_term_string}"},"query-input":"required name=search_term_string"}],"inLanguage":"en-US"}]}},"_links":{"self":[{"href":"https:\/\/atelierarchitecturecroisette.fr\/en\/wp-json\/wp\/v2\/pages\/2918"}],"collection":[{"href":"https:\/\/atelierarchitecturecroisette.fr\/en\/wp-json\/wp\/v2\/pages"}],"about":[{"href":"https:\/\/atelierarchitecturecroisette.fr\/en\/wp-json\/wp\/v2\/types\/page"}],"author":[{"embeddable":true,"href":"https:\/\/atelierarchitecturecroisette.fr\/en\/wp-json\/wp\/v2\/users\/3"}],"replies":[{"embeddable":true,"href":"https:\/\/atelierarchitecturecroisette.fr\/en\/wp-json\/wp\/v2\/comments?post=2918"}],"version-history":[{"count":0,"href":"https:\/\/atelierarchitecturecroisette.fr\/en\/wp-json\/wp\/v2\/pages\/2918\/revisions"}],"wp:attachment":[{"href":"https:\/\/atelierarchitecturecroisette.fr\/en\/wp-json\/wp\/v2\/media?parent=2918"}],"curies":[{"name":"wp","href":"https:\/\/api.w.org\/{rel}","templated":true}]}}