{"id":2919,"date":"2019-09-16T12:50:59","date_gmt":"2019-09-16T10:50:59","guid":{"rendered":"http:\/\/atelierarchitecturecroisette.fr\/intemporellevilla\/"},"modified":"2021-07-30T12:23:27","modified_gmt":"2021-07-30T10:23:27","slug":"intemporellevilla","status":"publish","type":"page","link":"https:\/\/atelierarchitecturecroisette.fr\/en\/intemporellevilla\/","title":{"rendered":"Villas intemporelles : un aper\u00e7u de nos r\u00e9alisations"},"content":{"rendered":"<p>[et_pb_section fb_built=&#8221;1&#8243; _builder_version=&#8221;3.22&#8243; custom_padding=&#8221;39px|0px|0|0px|false|false&#8221;][et_pb_row _builder_version=&#8221;3.25&#8243; custom_padding=&#8221;0|0px|25px|0|false|false&#8221;][et_pb_column type=&#8221;4_4&#8243; _builder_version=&#8221;3.25&#8243; custom_padding=&#8221;|||&#8221; custom_padding__hover=&#8221;|||&#8221;][et_pb_text module_class=&#8221;ResizedTitle&#8221; _builder_version=&#8221;4.9.10&#8243; text_font=&#8221;|300||on|||||&#8221; text_font_size=&#8221;60px&#8221; text_orientation=&#8221;center&#8221; hover_enabled=&#8221;0&#8243; z_index_tablet=&#8221;500&#8243; sticky_enabled=&#8221;0&#8243;]<\/p>\n<p style=\"color: #bd532b;\"><strong>Timeless<\/strong><\/p>\n<p>[\/et_pb_text][\/et_pb_column][\/et_pb_row][et_pb_row column_structure=&#8221;1_2,1_2&#8243; _builder_version=&#8221;3.25&#8243; background_size=&#8221;initial&#8221; background_position=&#8221;top_left&#8221; background_repeat=&#8221;repeat&#8221;][et_pb_column type=&#8221;1_2&#8243; _builder_version=&#8221;3.25&#8243; custom_padding=&#8221;|||&#8221; custom_padding__hover=&#8221;|||&#8221;][et_pb_button button_url=&#8221;https:\/\/atelierarchitecturecroisette.fr\/villas\/&#8221; button_text=&#8221;BACK&#8221; button_alignment=&#8221;left&#8221; module_class=&#8221;BoutonBack&#8221; _builder_version=&#8221;3.21.1&#8243; custom_button=&#8221;on&#8221; button_text_color=&#8221;#000000&#8243; button_border_color=&#8221;rgba(0,0,0,0)&#8221; button_icon_color=&#8221;#000000&#8243; z_index_tablet=&#8221;500&#8243; saved_tabs=&#8221;all&#8221;][\/et_pb_button][\/et_pb_column][et_pb_column type=&#8221;1_2&#8243; _builder_version=&#8221;3.25&#8243; custom_padding=&#8221;|||&#8221; custom_padding__hover=&#8221;|||&#8221;][et_pb_button button_url=&#8221;https:\/\/atelierarchitecturecroisette.fr\/contact\/&#8221; button_text=&#8221;CONTACT&#8221; button_alignment=&#8221;right&#8221; _builder_version=&#8221;4.5.3&#8243; custom_button=&#8221;on&#8221; button_text_color=&#8221;#000000&#8243; button_border_width=&#8221;0&#8243; z_index_tablet=&#8221;500&#8243; saved_tabs=&#8221;all&#8221;][\/et_pb_button][\/et_pb_column][\/et_pb_row][et_pb_row use_custom_gutter=&#8221;on&#8221; gutter_width=&#8221;1&#8243; module_class=&#8221; et_pb_row_fullwidth&#8221; _builder_version=&#8221;3.25&#8243; width=&#8221;100%&#8221; width_tablet=&#8221;100%&#8221; width_phone=&#8221;&#8221; width_last_edited=&#8221;on|desktop&#8221; max_width=&#8221;100%&#8221; max_width_tablet=&#8221;100%&#8221; max_width_phone=&#8221;&#8221; max_width_last_edited=&#8221;on|desktop&#8221; custom_padding=&#8221;0|0px|50px|0px|false|false&#8221; make_fullwidth=&#8221;on&#8221;][et_pb_column type=&#8221;4_4&#8243; _builder_version=&#8221;3.25&#8243; custom_padding=&#8221;|||&#8221; custom_padding__hover=&#8221;|||&#8221;][et_pb_gallery gallery_ids=&#8221;2044,2043,2042,2041,2040,2039,2038,2037,2036,2035,2034,2033,2032,2031,2030,1864,1863,1862,1861,1860,1859,1858,1857,1856,1855,1854,1853,1852,1850,1838,1837,1836&#8243; gallery_orderby=&#8221;rand&#8221; posts_number=&#8221;50&#8243; show_title_and_caption=&#8221;off&#8221; show_pagination=&#8221;off&#8221; zoom_icon_color=&#8221;rgba(0,0,0,0)&#8221; hover_overlay_color=&#8221;rgba(0,0,0,0)&#8221; _builder_version=&#8221;3.21.1&#8243; custom_margin=&#8221;|0px||0px&#8221; z_index_tablet=&#8221;500&#8243; custom_css_gallery_item=&#8221;padding: 1px;&#8221;][\/et_pb_gallery][\/et_pb_column][\/et_pb_row][et_pb_row disabled_on=&#8221;on|on|on&#8221; _builder_version=&#8221;4.9.10&#8243; _module_preset=&#8221;default&#8221; disabled=&#8221;on&#8221;][et_pb_column type=&#8221;4_4&#8243; _builder_version=&#8221;4.9.0&#8243; _module_preset=&#8221;default&#8221;][et_pb_text _builder_version=&#8221;4.9.0&#8243; _module_preset=&#8221;default&#8221; header_font=&#8221;Karla|700|||||||&#8221; header_text_align=&#8221;center&#8221; header_text_color=&#8221;#bb4e27&#8243; header_font_size=&#8221;46px&#8221; header_letter_spacing=&#8221;3px&#8221; header_2_font=&#8221;Lato|||on|||||&#8221; header_2_text_color=&#8221;#BA4F28&#8243; header_2_letter_spacing=&#8221;3px&#8221; header_2_line_height=&#8221;1.1em&#8221; text_orientation=&#8221;center&#8221; header_font_size_tablet=&#8221;28px&#8221; header_font_size_phone=&#8221;&#8221; header_font_size_last_edited=&#8221;on|tablet&#8221;]<\/p>\n<h1>Villas intemporelles<\/h1>\n<p>Vous r\u00eavez d\u2019une <strong>maison individuelle de luxe<\/strong> ? Atelier Architecture Croisette vous accompagne dans la r\u00e9alisation de votre projet de construction d\u2019une <strong>villa intemporelle<\/strong> parfaitement adapt\u00e9e \u00e0 vos besoins. Nos architectes, nantis de leurs nombreuses qualifications et exp\u00e9riences dans le domaine du b\u00e2timent, \u00e9difient des logements haut de gamme partout en France et m\u00eame \u00e0 l\u2019\u00e9tranger.<\/p>\n<p>\u00c0 travers la pr\u00e9sente page, nous vous pr\u00e9sentons un catalogue de r\u00e9alisations assur\u00e9es par notre cabinet \u00e0 la grande satisfaction de nos clients. Ce r\u00e9pertoire s\u2019appuie sur des images de tous les angles d\u2019observation, r\u00e9v\u00e9lant ainsi l\u2019expertise notable de nos sp\u00e9cialistes.<\/p>\n<p>[\/et_pb_text][\/et_pb_column][\/et_pb_row][et_pb_row disabled_on=&#8221;on|on|on&#8221; _builder_version=&#8221;4.9.10&#8243; _module_preset=&#8221;default&#8221; max_width=&#8221;1200px&#8221; disabled=&#8221;on&#8221;][et_pb_column type=&#8221;4_4&#8243; _builder_version=&#8221;4.6.6&#8243; _module_preset=&#8221;default&#8221; use_background_color_gradient=&#8221;on&#8221; background_color_gradient_start=&#8221;#ffffff&#8221; background_color_gradient_end=&#8221;#BA4F28&#8243; background_color_gradient_direction=&#8221;167deg&#8221; background_color_gradient_start_position=&#8221;94%&#8221; background_color_gradient_end_position=&#8221;95%&#8221; custom_padding=&#8221;20px|20px|30px|20px|false|false&#8221; box_shadow_style=&#8221;preset1&#8243;][et_pb_blurb title=&#8221;Un luxe bien affich\u00e9&#8221; use_icon=&#8221;on&#8221; font_icon=&#8221;%%20%%&#8221; icon_placement=&#8221;left&#8221; content_max_width=&#8221;100%&#8221; icon_placement_tablet=&#8221;top&#8221; icon_placement_phone=&#8221;&#8221; icon_placement_last_edited=&#8221;on|tablet&#8221; module_class=&#8221;resumeBoxBreakFix&#8221; _builder_version=&#8221;4.9.0&#8243; _module_preset=&#8221;default&#8221; header_level=&#8221;h2&#8243; header_font=&#8221;Lato|||on|||||&#8221; header_text_color=&#8221;#BA4F28&#8243; header_font_size=&#8221;24px&#8221; header_letter_spacing=&#8221;3px&#8221; header_line_height=&#8221;1.1em&#8221; header_font_size_tablet=&#8221;20px&#8221; header_font_size_phone=&#8221;&#8221; header_font_size_last_edited=&#8221;on|tablet&#8221; header_letter_spacing_tablet=&#8221;0px&#8221; header_letter_spacing_phone=&#8221;&#8221; header_letter_spacing_last_edited=&#8221;on|tablet&#8221;][\/et_pb_blurb][et_pb_text _builder_version=&#8221;4.9.0&#8243; _module_preset=&#8221;default&#8221; text_orientation=&#8221;justified&#8221;]<\/p>\n<p>Les villas intemporelles r\u00e9alis\u00e9es par Atelier Architecture Croisette <strong>offrent une modernit\u00e9 et une aisance de vie optimales \u00e0 leurs r\u00e9sidents<\/strong>. En effet, nos architectes \u0153uvrent pour une <a href=\"https:\/\/atelierarchitecturecroisette.fr\/en\/decoration\/\">inclusion harmonieuse<\/a> des b\u00e2timents dans l\u2019espace, tout en maintenant \u00e0 l\u2019int\u00e9rieur un luxe et un grand confort. Les atouts dans ce sens s\u2019av\u00e8rent multiples.<\/p>\n<p>On peut citer en premier lieu, la <strong>pr\u00e9sence de nombreuses ouvertures et baies vitr\u00e9es<\/strong>, \u00e0 l\u2019instar des r\u00e9alisations Mirabella, La-Scalleta, Les-Princes, etc. Cette caract\u00e9ristique rend les r\u00e9sidences suffisamment lumineuses en cours de journ\u00e9e. On note ensuite la grande surface des pi\u00e8ces de vie comportant deux \u00e0 trois compartiments, les \u00e9quipements sanitaires et d\u2019\u00e9clairage tr\u00e8s luxueux, les balcons, etc.<\/p>\n<p>Le luxe et le confort dans ces maisons individuelles passent aussi par une <strong>esth\u00e9tique \u00e0 couper le souffle<\/strong>. Une association convenable des couleurs qui rev\u00eat les b\u00e2timents d\u2019un grand charme, autant \u00e0 l\u2019ext\u00e9rieur qu\u2019\u00e0 l\u2019int\u00e9rieur. On remarque notamment la <strong>splendeur exceptionnelle de l\u2019architecture interne<\/strong> de certaines pi\u00e8ces (salon, cuisine, douches\u2026) des villas Natalia et La Pinea.<\/p>\n<p>De plus, des sapins et autres arbres de d\u00e9coration ornent les balcons, ainsi que les cl\u00f4tures de plusieurs villas : Vue, Les-Princes, Mirabella\u2026 \u00c0 tout cela s\u2019ajoutent des jardins et les pelouses vertes dans lesquels s\u2019implantent des piscines qui permettent de jouir du plein air, de la lumi\u00e8re du soleil, de la vue sur un paysage exceptionnel, etc.<\/p>\n<p>[\/et_pb_text][\/et_pb_column][\/et_pb_row][et_pb_row disabled_on=&#8221;on|on|on&#8221; _builder_version=&#8221;4.9.10&#8243; _module_preset=&#8221;default&#8221; max_width=&#8221;1200px&#8221; disabled=&#8221;on&#8221;][et_pb_column type=&#8221;4_4&#8243; _builder_version=&#8221;4.6.6&#8243; _module_preset=&#8221;default&#8221; use_background_color_gradient=&#8221;on&#8221; background_color_gradient_start=&#8221;#ffffff&#8221; background_color_gradient_end=&#8221;#BA4F28&#8243; background_color_gradient_direction=&#8221;167deg&#8221; background_color_gradient_start_position=&#8221;94%&#8221; background_color_gradient_end_position=&#8221;95%&#8221; custom_padding=&#8221;20px|20px|30px|20px|false|false&#8221; box_shadow_style=&#8221;preset1&#8243;][et_pb_blurb title=&#8221;Villas intemporelles s\u00e9curis\u00e9es&#8221; use_icon=&#8221;on&#8221; font_icon=&#8221;%%20%%&#8221; icon_placement=&#8221;left&#8221; content_max_width=&#8221;100%&#8221; icon_placement_tablet=&#8221;top&#8221; icon_placement_phone=&#8221;&#8221; icon_placement_last_edited=&#8221;on|tablet&#8221; module_class=&#8221;resumeBoxBreakFix&#8221; _builder_version=&#8221;4.9.0&#8243; _module_preset=&#8221;default&#8221; header_level=&#8221;h2&#8243; header_font=&#8221;Lato|||on|||||&#8221; header_text_color=&#8221;#BA4F28&#8243; header_font_size=&#8221;24px&#8221; header_letter_spacing=&#8221;3px&#8221; header_line_height=&#8221;1.1em&#8221; header_font_size_tablet=&#8221;20px&#8221; header_font_size_phone=&#8221;&#8221; header_font_size_last_edited=&#8221;on|tablet&#8221; header_letter_spacing_tablet=&#8221;0px&#8221; header_letter_spacing_phone=&#8221;&#8221; header_letter_spacing_last_edited=&#8221;on|tablet&#8221;][\/et_pb_blurb][et_pb_text _builder_version=&#8221;4.9.0&#8243; _module_preset=&#8221;default&#8221; text_orientation=&#8221;justified&#8221;]<\/p>\n<p>La <strong>s\u00e9curit\u00e9<\/strong> constitue un facteur majeur dans la construction d\u2019une villa intemporelle, et ceci bien plus que dans la plupart des autres types d\u2019habitations. En effet, \u00e9tant g\u00e9n\u00e9ralement des maisons individuelles, elles doivent offrir aux propri\u00e9taires, outre le luxe et le confort, une discr\u00e9tion suffisante ainsi qu\u2019une s\u00e9curit\u00e9 optimale. Nos constructions respectent cette exigence.<\/p>\n<p>Elles pr\u00e9sentent d\u2019ailleurs une configuration \u00e9lectrique qui facilite l\u2019installation de syst\u00e8me de s\u00e9curit\u00e9 : alarme, vid\u00e9osurveillance, etc. Avec un voisinage chic, des cl\u00f4tures assez hautes pour certaines r\u00e9alisations, chacune de ces villas assure le <strong>confort et la s\u00e9curit\u00e9 \u00e0 leurs occupants<\/strong>.<\/p>\n<p>Par ailleurs, l\u2019intemporalit\u00e9 suppose la durabilit\u00e9 des constructions, leur niveau de modernit\u00e9 et surtout leur potentiel \u00e0 survivre dans le temps, aux \u00e9volutions architecturales. <a href=\"https:\/\/atelierarchitecturecroisette.fr\/en\/outdoor\/\">Vu de l\u2019ext\u00e9rieur<\/a>, l\u2019ensemble des r\u00e9alisations se pr\u00e9sente comme des b\u00e2timents \u00e0 plusieurs niveaux solidement implant\u00e9s au sol. Nos experts veillent \u00e0 adopter au cas par cas, surtout en fonction des niveaux d\u2019\u00e9tages, les figures architecturales qui favorisent la stabilit\u00e9 des villas.<\/p>\n<p>[\/et_pb_text][\/et_pb_column][\/et_pb_row][\/et_pb_section][et_pb_section fb_built=&#8221;1&#8243; module_class=&#8221;FooterPerso&#8221; _builder_version=&#8221;3.22&#8243; background_color=&#8221;#000000&#8243; custom_padding=&#8221;0px|0px|20px|0px&#8221; z_index_tablet=&#8221;500&#8243; custom_css_main_element=&#8221;z-index:1;&#8221;][et_pb_row column_structure=&#8221;1_4,1_4,1_4,1_4&#8243; admin_label=&#8221;GlobalFooterEnRow&#8221; _builder_version=&#8221;4.6.6&#8243; background_size=&#8221;initial&#8221; background_position=&#8221;top_left&#8221; background_repeat=&#8221;repeat&#8221; max_width=&#8221;80%&#8221; global_module=&#8221;4846&#8243;][et_pb_column type=&#8221;1_4&#8243; _builder_version=&#8221;4.6.6&#8243; _module_preset=&#8221;default&#8221;][et_pb_text _builder_version=&#8221;4.9.10&#8243; text_font_size=&#8221;12px&#8221; text_line_height=&#8221;1em&#8221; z_index_tablet=&#8221;500&#8243;]<\/p>\n<p><a class=\"mentions\" style=\"color: #ffffff;cursor:pointer;\" href=\"https:\/\/atelierarchitecturecroisette.fr\/en\/\">HOME<\/a><\/p>\n<p><a class=\"mentions\" style=\"color: #ffffff;cursor:pointer;\" href=\"https:\/\/atelierarchitecturecroisette.fr\/en\/politique-de-confidentialite\/\">PRIVACY<\/a><\/p>\n<p><span style=\"color: #bd532b;\" color=\"#bd532b\"><strong>TEL:<\/strong> <span class=\"telephone\"><a style=\"color:#ffffff;\" href=\"tel:+33(0)4 82 29 22 19\">+33(0)4 82 29 22 19<\/a><\/span> <strong>&#8211; MAIL:<\/strong> <a style=\"color: #ffffff;\" class=\"mailtoinfo\" href=\"mailto:info@atelier-ac.fr\">info@atelier-ac.fr<\/a><\/span><\/p>\n<p>[\/et_pb_text][\/et_pb_column][et_pb_column type=&#8221;1_4&#8243; _builder_version=&#8221;4.6.6&#8243; _module_preset=&#8221;default&#8221;][et_pb_text admin_label=&#8221;GlobalFooterEn&#8221; module_class=&#8221;GlobalFooterEnText&#8221; _builder_version=&#8221;4.9.10&#8243; _module_preset=&#8221;default&#8221; text_font=&#8221;|||on|||||&#8221; text_text_color=&#8221;#ffffff&#8221; text_font_size=&#8221;12px&#8221; link_text_color=&#8221;#ffffff&#8221;]<\/p>\n<p><a href=\"https:\/\/atelierarchitecturecroisette.fr\/en\/architect-mougins\/\">Architect in Mougins<\/a><br \/><a href=\"https:\/\/atelierarchitecturecroisette.fr\/architecte-eze\/\">Architect in Eze<\/a><br \/><a href=\"https:\/\/atelierarchitecturecroisette.fr\/architecte-roquebrune-cap-martin\/\">Architect in Roquebrune-Cap-Martin<\/a><\/p>\n<p>[\/et_pb_text][\/et_pb_column][et_pb_column type=&#8221;1_4&#8243; _builder_version=&#8221;4.6.6&#8243; _module_preset=&#8221;default&#8221;][et_pb_text admin_label=&#8221;GlobalFooterEn&#8221; module_class=&#8221;GlobalFooterEnText&#8221; _builder_version=&#8221;4.9.10&#8243; _module_preset=&#8221;default&#8221; text_font=&#8221;|||on|||||&#8221; text_text_color=&#8221;#ffffff&#8221; text_font_size=&#8221;12px&#8221; link_text_color=&#8221;#ffffff&#8221;]<a href=\"https:\/\/atelierarchitecturecroisette.fr\/architecte-villefranche-sur-mer\/\">Architect in Villefranche-sur-mer<\/a><br \/>\n<a href=\"https:\/\/atelierarchitecturecroisette.fr\/en\/architect-saint-jean-cap-ferrat\/\">Architect in Saint-Jean-Cap-Ferrat<\/a><br \/>\n<a href=\"https:\/\/atelierarchitecturecroisette.fr\/en\/architect-saint-tropez\/\">Architect in Saint-Tropez<\/a>[\/et_pb_text][\/et_pb_column][et_pb_column type=&#8221;1_4&#8243; _builder_version=&#8221;4.6.6&#8243; _module_preset=&#8221;default&#8221;][et_pb_text admin_label=&#8221;GlobalFooterEn&#8221; module_class=&#8221;GlobalFooterEnText&#8221; _builder_version=&#8221;4.9.10&#8243; _module_preset=&#8221;default&#8221; text_font=&#8221;|||on|||||&#8221; text_text_color=&#8221;#ffffff&#8221; text_font_size=&#8221;12px&#8221; link_text_color=&#8221;#ffffff&#8221;]<a href=\"https:\/\/atelierarchitecturecroisette.fr\/en\/architect-antibes\/\">Architect in Antibes<\/a><br \/>\n<a href=\"https:\/\/atelierarchitecturecroisette.fr\/en\/architect-cannes\/\">Architect in Cannes<\/a><br \/>\n<a href=\"https:\/\/atelierarchitecturecroisette.fr\/en\/architect-ramatuelle\/\">Architect in Ramatuelle<\/a>[\/et_pb_text][\/et_pb_column][\/et_pb_row][\/et_pb_section]<\/p>\n","protected":false},"excerpt":{"rendered":"<p>Timeless Villas intemporelles Vous r\u00eavez d\u2019une maison individuelle de luxe ? Atelier Architecture Croisette vous accompagne dans la r\u00e9alisation de votre projet de construction d\u2019une villa intemporelle parfaitement adapt\u00e9e \u00e0 vos besoins. Nos architectes, nantis de leurs nombreuses qualifications et exp\u00e9riences dans le domaine du b\u00e2timent, \u00e9difient des logements haut de gamme partout en France [&hellip;]<\/p>\n","protected":false},"author":3,"featured_media":0,"parent":0,"menu_order":0,"comment_status":"closed","ping_status":"closed","template":"","meta":{"_et_pb_use_builder":"on","_et_pb_old_content":"","_et_gb_content_width":"","footnotes":""},"yoast_head":"<!-- This site is optimized with the Yoast SEO plugin v22.3 - https:\/\/yoast.com\/wordpress\/plugins\/seo\/ -->\n<title>Villas intemporelles : un aper\u00e7u de nos r\u00e9alisations<\/title>\n<meta name=\"description\" content=\"Vous souhaitez d\u00e9couvrir en images les villas intemporelles r\u00e9alis\u00e9es par notre cabinet Atelier Architecture Croisette ? Visitez cette page.\" \/>\n<meta name=\"robots\" content=\"index, follow, max-snippet:-1, max-image-preview:large, max-video-preview:-1\" \/>\n<link rel=\"canonical\" href=\"https:\/\/atelierarchitecturecroisette.fr\/intemporellevilla\/\" \/>\n<meta property=\"og:locale\" content=\"en_US\" \/>\n<meta property=\"og:type\" content=\"article\" \/>\n<meta property=\"og:title\" content=\"Villas intemporelles : un aper\u00e7u de nos r\u00e9alisations\" \/>\n<meta property=\"og:description\" content=\"Vous souhaitez d\u00e9couvrir en images les villas intemporelles r\u00e9alis\u00e9es par notre cabinet Atelier Architecture Croisette ? Visitez cette page.\" \/>\n<meta property=\"og:url\" content=\"https:\/\/atelierarchitecturecroisette.fr\/intemporellevilla\/\" \/>\n<meta property=\"og:site_name\" content=\"Atelier Architecture Croisette\" \/>\n<meta property=\"article:modified_time\" content=\"2021-07-30T10:23:27+00:00\" \/>\n<meta name=\"twitter:card\" content=\"summary_large_image\" \/>\n<meta name=\"twitter:label1\" content=\"Est. reading time\" \/>\n\t<meta name=\"twitter:data1\" content=\"8 minutes\" \/>\n<script type=\"application\/ld+json\" class=\"yoast-schema-graph\">{\"@context\":\"https:\/\/schema.org\",\"@graph\":[{\"@type\":\"WebPage\",\"@id\":\"https:\/\/atelierarchitecturecroisette.fr\/intemporellevilla\/\",\"url\":\"https:\/\/atelierarchitecturecroisette.fr\/intemporellevilla\/\",\"name\":\"Villas intemporelles : un aper\u00e7u de nos r\u00e9alisations\",\"isPartOf\":{\"@id\":\"https:\/\/atelierarchitecturecroisette.fr\/#website\"},\"datePublished\":\"2019-09-16T10:50:59+00:00\",\"dateModified\":\"2021-07-30T10:23:27+00:00\",\"description\":\"Vous souhaitez d\u00e9couvrir en images les villas intemporelles r\u00e9alis\u00e9es par notre cabinet Atelier Architecture Croisette ? Visitez cette page.\",\"breadcrumb\":{\"@id\":\"https:\/\/atelierarchitecturecroisette.fr\/intemporellevilla\/#breadcrumb\"},\"inLanguage\":\"en-US\",\"potentialAction\":[{\"@type\":\"ReadAction\",\"target\":[\"https:\/\/atelierarchitecturecroisette.fr\/intemporellevilla\/\"]}]},{\"@type\":\"BreadcrumbList\",\"@id\":\"https:\/\/atelierarchitecturecroisette.fr\/intemporellevilla\/#breadcrumb\",\"itemListElement\":[{\"@type\":\"ListItem\",\"position\":1,\"name\":\"Accueil\",\"item\":\"https:\/\/atelierarchitecturecroisette.fr\/en\/\"},{\"@type\":\"ListItem\",\"position\":2,\"name\":\"Villas intemporelles : un aper\u00e7u de nos r\u00e9alisations\"}]},{\"@type\":\"WebSite\",\"@id\":\"https:\/\/atelierarchitecturecroisette.fr\/#website\",\"url\":\"https:\/\/atelierarchitecturecroisette.fr\/\",\"name\":\"Atelier Architecture Croisette\",\"description\":\"\",\"potentialAction\":[{\"@type\":\"SearchAction\",\"target\":{\"@type\":\"EntryPoint\",\"urlTemplate\":\"https:\/\/atelierarchitecturecroisette.fr\/?s={search_term_string}\"},\"query-input\":\"required name=search_term_string\"}],\"inLanguage\":\"en-US\"}]}<\/script>\n<!-- \/ Yoast SEO plugin. -->","yoast_head_json":{"title":"Villas intemporelles : un aper\u00e7u de nos r\u00e9alisations","description":"Vous souhaitez d\u00e9couvrir en images les villas intemporelles r\u00e9alis\u00e9es par notre cabinet Atelier Architecture Croisette ? Visitez cette page.","robots":{"index":"index","follow":"follow","max-snippet":"max-snippet:-1","max-image-preview":"max-image-preview:large","max-video-preview":"max-video-preview:-1"},"canonical":"https:\/\/atelierarchitecturecroisette.fr\/intemporellevilla\/","og_locale":"en_US","og_type":"article","og_title":"Villas intemporelles : un aper\u00e7u de nos r\u00e9alisations","og_description":"Vous souhaitez d\u00e9couvrir en images les villas intemporelles r\u00e9alis\u00e9es par notre cabinet Atelier Architecture Croisette ? Visitez cette page.","og_url":"https:\/\/atelierarchitecturecroisette.fr\/intemporellevilla\/","og_site_name":"Atelier Architecture Croisette","article_modified_time":"2021-07-30T10:23:27+00:00","twitter_card":"summary_large_image","twitter_misc":{"Est. reading time":"8 minutes"},"schema":{"@context":"https:\/\/schema.org","@graph":[{"@type":"WebPage","@id":"https:\/\/atelierarchitecturecroisette.fr\/intemporellevilla\/","url":"https:\/\/atelierarchitecturecroisette.fr\/intemporellevilla\/","name":"Villas intemporelles : un aper\u00e7u de nos r\u00e9alisations","isPartOf":{"@id":"https:\/\/atelierarchitecturecroisette.fr\/#website"},"datePublished":"2019-09-16T10:50:59+00:00","dateModified":"2021-07-30T10:23:27+00:00","description":"Vous souhaitez d\u00e9couvrir en images les villas intemporelles r\u00e9alis\u00e9es par notre cabinet Atelier Architecture Croisette ? Visitez cette page.","breadcrumb":{"@id":"https:\/\/atelierarchitecturecroisette.fr\/intemporellevilla\/#breadcrumb"},"inLanguage":"en-US","potentialAction":[{"@type":"ReadAction","target":["https:\/\/atelierarchitecturecroisette.fr\/intemporellevilla\/"]}]},{"@type":"BreadcrumbList","@id":"https:\/\/atelierarchitecturecroisette.fr\/intemporellevilla\/#breadcrumb","itemListElement":[{"@type":"ListItem","position":1,"name":"Accueil","item":"https:\/\/atelierarchitecturecroisette.fr\/en\/"},{"@type":"ListItem","position":2,"name":"Villas intemporelles : un aper\u00e7u de nos r\u00e9alisations"}]},{"@type":"WebSite","@id":"https:\/\/atelierarchitecturecroisette.fr\/#website","url":"https:\/\/atelierarchitecturecroisette.fr\/","name":"Atelier Architecture Croisette","description":"","potentialAction":[{"@type":"SearchAction","target":{"@type":"EntryPoint","urlTemplate":"https:\/\/atelierarchitecturecroisette.fr\/?s={search_term_string}"},"query-input":"required name=search_term_string"}],"inLanguage":"en-US"}]}},"_links":{"self":[{"href":"https:\/\/atelierarchitecturecroisette.fr\/en\/wp-json\/wp\/v2\/pages\/2919"}],"collection":[{"href":"https:\/\/atelierarchitecturecroisette.fr\/en\/wp-json\/wp\/v2\/pages"}],"about":[{"href":"https:\/\/atelierarchitecturecroisette.fr\/en\/wp-json\/wp\/v2\/types\/page"}],"author":[{"embeddable":true,"href":"https:\/\/atelierarchitecturecroisette.fr\/en\/wp-json\/wp\/v2\/users\/3"}],"replies":[{"embeddable":true,"href":"https:\/\/atelierarchitecturecroisette.fr\/en\/wp-json\/wp\/v2\/comments?post=2919"}],"version-history":[{"count":0,"href":"https:\/\/atelierarchitecturecroisette.fr\/en\/wp-json\/wp\/v2\/pages\/2919\/revisions"}],"wp:attachment":[{"href":"https:\/\/atelierarchitecturecroisette.fr\/en\/wp-json\/wp\/v2\/media?parent=2919"}],"curies":[{"name":"wp","href":"https:\/\/api.w.org\/{rel}","templated":true}]}}