{"id":2922,"date":"2019-09-16T12:33:41","date_gmt":"2019-09-16T10:33:41","guid":{"rendered":"http:\/\/atelierarchitecturecroisette.fr\/contemporainesvilla\/"},"modified":"2023-08-01T08:58:13","modified_gmt":"2023-08-01T06:58:13","slug":"contemporainesvilla","status":"publish","type":"page","link":"https:\/\/atelierarchitecturecroisette.fr\/en\/contemporainesvilla\/","title":{"rendered":"Villas contemporaines construites gr\u00e2ce \u00e0 notre cabinet"},"content":{"rendered":"<p>[et_pb_section fb_built=&#8221;1&#8243; _builder_version=&#8221;3.22&#8243; custom_padding=&#8221;39px|0px|0|0px|false|false&#8221; z_index_tablet=&#8221;500&#8243; global_colors_info=&#8221;{}&#8221;][et_pb_row _builder_version=&#8221;3.25&#8243; custom_padding=&#8221;0|0px|25px|0|false|false&#8221; z_index_tablet=&#8221;500&#8243; global_colors_info=&#8221;{}&#8221;][et_pb_column type=&#8221;4_4&#8243; _builder_version=&#8221;3.25&#8243; custom_padding=&#8221;|||&#8221; global_colors_info=&#8221;{}&#8221; custom_padding__hover=&#8221;|||&#8221;][et_pb_text module_class=&#8221;ResizedTitle&#8221; _builder_version=&#8221;4.9.10&#8243; text_font=&#8221;|300||on|||||&#8221; text_font_size=&#8221;60px&#8221; text_orientation=&#8221;center&#8221; z_index_tablet=&#8221;500&#8243; global_colors_info=&#8221;{}&#8221;]<\/p>\n<p style=\"color: #bd532b;\"><strong>Contemporary<\/strong><\/p>\n<p>[\/et_pb_text][\/et_pb_column][\/et_pb_row][et_pb_row column_structure=&#8221;1_2,1_2&#8243; _builder_version=&#8221;3.25&#8243; background_size=&#8221;initial&#8221; background_position=&#8221;top_left&#8221; background_repeat=&#8221;repeat&#8221; global_colors_info=&#8221;{}&#8221;][et_pb_column type=&#8221;1_2&#8243; _builder_version=&#8221;3.25&#8243; custom_padding=&#8221;|||&#8221; global_colors_info=&#8221;{}&#8221; custom_padding__hover=&#8221;|||&#8221;][et_pb_button button_url=&#8221;https:\/\/atelierarchitecturecroisette.fr\/villas\/&#8221; button_text=&#8221;BACK&#8221; button_alignment=&#8221;left&#8221; module_class=&#8221;BoutonBack&#8221; _builder_version=&#8221;3.21.1&#8243; custom_button=&#8221;on&#8221; button_text_color=&#8221;#000000&#8243; button_border_color=&#8221;rgba(0,0,0,0)&#8221; button_icon_color=&#8221;#000000&#8243; z_index_tablet=&#8221;500&#8243; saved_tabs=&#8221;all&#8221; global_colors_info=&#8221;{}&#8221;][\/et_pb_button][\/et_pb_column][et_pb_column type=&#8221;1_2&#8243; _builder_version=&#8221;3.25&#8243; custom_padding=&#8221;|||&#8221; global_colors_info=&#8221;{}&#8221; custom_padding__hover=&#8221;|||&#8221;][et_pb_button button_url=&#8221;https:\/\/atelierarchitecturecroisette.fr\/contact\/&#8221; button_text=&#8221;CONTACT&#8221; button_alignment=&#8221;right&#8221; _builder_version=&#8221;4.5.3&#8243; custom_button=&#8221;on&#8221; button_text_color=&#8221;#000000&#8243; button_border_width=&#8221;0&#8243; z_index_tablet=&#8221;500&#8243; saved_tabs=&#8221;all&#8221; global_colors_info=&#8221;{}&#8221;][\/et_pb_button][\/et_pb_column][\/et_pb_row][et_pb_row use_custom_gutter=&#8221;on&#8221; gutter_width=&#8221;1&#8243; module_class=&#8221; et_pb_row_fullwidth&#8221; _builder_version=&#8221;3.25&#8243; width=&#8221;100%&#8221; width_tablet=&#8221;100%&#8221; width_phone=&#8221;&#8221; width_last_edited=&#8221;on|desktop&#8221; max_width=&#8221;100%&#8221; max_width_tablet=&#8221;100%&#8221; max_width_phone=&#8221;&#8221; max_width_last_edited=&#8221;on|desktop&#8221; custom_padding=&#8221;0|0px|50px|0px|false|false&#8221; z_index_tablet=&#8221;500&#8243; make_fullwidth=&#8221;on&#8221; global_colors_info=&#8221;{}&#8221;][et_pb_column type=&#8221;4_4&#8243; _builder_version=&#8221;3.25&#8243; custom_padding=&#8221;|||&#8221; global_colors_info=&#8221;{}&#8221; custom_padding__hover=&#8221;|||&#8221;][et_pb_gallery gallery_ids=&#8221;2029,2028,2027,2026,2025,2024,2023,2022,2021,2020,2019,2018,2017,2016,2015,2014,2013,2012,2011,2010,2009,2008,2007,2006,2005,2004,2003,2002,2001,2000,1999,1998,1834,1831,1829,1827,1824,1823,1822,1819&#8243; gallery_orderby=&#8221;rand&#8221; posts_number=&#8221;50&#8243; show_title_and_caption=&#8221;off&#8221; zoom_icon_color=&#8221;rgba(0,0,0,0)&#8221; hover_overlay_color=&#8221;rgba(0,0,0,0)&#8221; _builder_version=&#8221;3.21.1&#8243; custom_margin=&#8221;|0px||0px&#8221; z_index_tablet=&#8221;500&#8243; custom_css_gallery_item=&#8221;padding: 1px;&#8221; global_colors_info=&#8221;{}&#8221;][\/et_pb_gallery][\/et_pb_column][\/et_pb_row][\/et_pb_section][et_pb_section fb_built=&#8221;1&#8243; theme_builder_area=&#8221;post_content&#8221; _builder_version=&#8221;4.13.1&#8243; _module_preset=&#8221;default&#8221; custom_padding=&#8221;37px|||||&#8221;][et_pb_row disabled_on=&#8221;off|off|off&#8221; _builder_version=&#8221;4.13.1&#8243; _module_preset=&#8221;default&#8221; global_colors_info=&#8221;{}&#8221; theme_builder_area=&#8221;post_content&#8221;][et_pb_column type=&#8221;4_4&#8243; _builder_version=&#8221;4.9.0&#8243; _module_preset=&#8221;default&#8221; global_colors_info=&#8221;{}&#8221; theme_builder_area=&#8221;post_content&#8221;][et_pb_text _builder_version=&#8221;4.13.1&#8243; _module_preset=&#8221;default&#8221; header_font=&#8221;Karla|700|||||||&#8221; header_text_align=&#8221;center&#8221; header_text_color=&#8221;#bb4e27&#8243; header_font_size=&#8221;46px&#8221; header_letter_spacing=&#8221;3px&#8221; header_2_font=&#8221;Lato|||on|||||&#8221; header_2_text_color=&#8221;#BA4F28&#8243; header_2_letter_spacing=&#8221;3px&#8221; header_2_line_height=&#8221;1.1em&#8221; text_orientation=&#8221;center&#8221; header_font_size_tablet=&#8221;28px&#8221; header_font_size_phone=&#8221;&#8221; header_font_size_last_edited=&#8221;on|tablet&#8221; global_colors_info=&#8221;{}&#8221; theme_builder_area=&#8221;post_content&#8221;]<\/p>\n<h1>Contemporary Villas<\/h1>\n<p>A <strong>sleek and cubic design<\/strong>, spacious interiors, a flat roof, numerous energy optimizations&#8230; These are the characteristic features of <strong>contemporary villas<\/strong> that aim to provide increasing comfort, luxury, and cost-efficiency for their residents. At Atelier Architecture Croisette, our experts achieve these remarkable accomplishments through original and modern <strong>designs<\/strong>.<\/p>\n<p>On this page, we showcase a range of exceptional contemporary residences designed by our firm in various locations across the Alpes-Maritimes and throughout France. The accompanying images further exemplify the ingenuity of our architects in these types of projects.<\/p>\n<p>[\/et_pb_text][\/et_pb_column][\/et_pb_row][et_pb_row disabled_on=&#8221;off|off|off&#8221; _builder_version=&#8221;4.13.1&#8243; _module_preset=&#8221;default&#8221; max_width=&#8221;1200px&#8221; global_colors_info=&#8221;{}&#8221; theme_builder_area=&#8221;post_content&#8221;][et_pb_column type=&#8221;4_4&#8243; _builder_version=&#8221;4.6.6&#8243; _module_preset=&#8221;default&#8221; use_background_color_gradient=&#8221;on&#8221; background_color_gradient_start=&#8221;#ffffff&#8221; background_color_gradient_end=&#8221;#BA4F28&#8243; background_color_gradient_direction=&#8221;167deg&#8221; background_color_gradient_start_position=&#8221;94%&#8221; background_color_gradient_end_position=&#8221;95%&#8221; custom_padding=&#8221;20px|20px|30px|20px|false|false&#8221; box_shadow_style=&#8221;preset1&#8243; global_colors_info=&#8221;{}&#8221; theme_builder_area=&#8221;post_content&#8221;][et_pb_blurb title=&#8221;An attractive appearance and an alluring environment&#8221; use_icon=&#8221;on&#8221; font_icon=&#8221;&#x35;||divi||400&#8243; icon_placement=&#8221;left&#8221; content_max_width=&#8221;100%&#8221; icon_placement_tablet=&#8221;top&#8221; icon_placement_phone=&#8221;&#8221; icon_placement_last_edited=&#8221;on|tablet&#8221; image_icon_width_tablet=&#8221;&#8221; image_icon_width_phone=&#8221;&#8221; image_icon_width_last_edited=&#8221;on|tablet&#8221; module_class=&#8221;resumeBoxBreakFix&#8221; _builder_version=&#8221;4.13.1&#8243; _module_preset=&#8221;default&#8221; header_level=&#8221;h2&#8243; header_font=&#8221;Lato|||on|||||&#8221; header_text_color=&#8221;#BA4F28&#8243; header_font_size=&#8221;24px&#8221; header_letter_spacing=&#8221;3px&#8221; header_line_height=&#8221;1.1em&#8221; image_icon_custom_padding_tablet=&#8221;&#8221; image_icon_custom_padding_phone=&#8221;&#8221; image_icon_custom_padding_last_edited=&#8221;on|tablet&#8221; header_font_size_tablet=&#8221;20px&#8221; header_font_size_phone=&#8221;&#8221; header_font_size_last_edited=&#8221;on|tablet&#8221; header_letter_spacing_tablet=&#8221;0px&#8221; header_letter_spacing_phone=&#8221;&#8221; header_letter_spacing_last_edited=&#8221;on|tablet&#8221; border_width_all_image_tablet=&#8221;&#8221; border_width_all_image_phone=&#8221;&#8221; border_width_all_image_last_edited=&#8221;on|tablet&#8221; global_colors_info=&#8221;{}&#8221; theme_builder_area=&#8221;post_content&#8221;][\/et_pb_blurb][et_pb_text _builder_version=&#8221;4.13.1&#8243; _module_preset=&#8221;default&#8221; text_orientation=&#8221;justified&#8221; global_colors_info=&#8221;{}&#8221; theme_builder_area=&#8221;post_content&#8221;]A true contemporary villa always boasts a <strong>highly attractive exterior design<\/strong>, where original touches enhance its more cubic form compared to traditional houses. It is precisely in this aspect that the creativity of our architects gives rise to villas with a strong aesthetic appeal.<\/p>\n<p>A careful observation of all our projects in this field clearly reveals <strong>exceptional and varied appearances<\/strong>, nestled in a purely ecological setting. In some cases, cubes are arranged to emphasize a beautiful and intricate format, while in others, a simple and charming design is adopted.<\/p>\n<p>When viewed from the <a href=\"https:\/\/atelierarchitecturecroisette.fr\/en\/outdoor\/\">outside<\/a> at night, these homes showcase lighting that perfectly complements the facade decoration. Whether monochromatic, two-tone, or using a unique color combination, the lighting installations add a new charm to the buildings. The play of light displayed in some of the creations serves as a perfect illustration.<\/p>\n<p>Beyond the captivating appearance of these villas, their surroundings contribute to their grandeur. The exterior is typically abundant with trees that <strong>optimize breathable air<\/strong>, lush green lawns, and beautifully arranged gardens. In summary, these elements create a natural and tranquil ambiance, making the environment beautiful and restful.[\/et_pb_text][\/et_pb_column][\/et_pb_row][et_pb_row disabled_on=&#8221;off|off|off&#8221; _builder_version=&#8221;4.13.1&#8243; _module_preset=&#8221;default&#8221; max_width=&#8221;1200px&#8221; global_colors_info=&#8221;{}&#8221; theme_builder_area=&#8221;post_content&#8221;][et_pb_column type=&#8221;4_4&#8243; _builder_version=&#8221;4.6.6&#8243; _module_preset=&#8221;default&#8221; use_background_color_gradient=&#8221;on&#8221; background_color_gradient_start=&#8221;#ffffff&#8221; background_color_gradient_end=&#8221;#BA4F28&#8243; background_color_gradient_direction=&#8221;167deg&#8221; background_color_gradient_start_position=&#8221;94%&#8221; background_color_gradient_end_position=&#8221;95%&#8221; custom_padding=&#8221;20px|20px|30px|20px|false|false&#8221; box_shadow_style=&#8221;preset1&#8243; global_colors_info=&#8221;{}&#8221; theme_builder_area=&#8221;post_content&#8221;][et_pb_blurb title=&#8221;Luxury contemporary villas&#8221; use_icon=&#8221;on&#8221; font_icon=&#8221;&#x35;||divi||400&#8243; icon_placement=&#8221;left&#8221; content_max_width=&#8221;100%&#8221; icon_placement_tablet=&#8221;top&#8221; icon_placement_phone=&#8221;&#8221; icon_placement_last_edited=&#8221;on|tablet&#8221; image_icon_width_tablet=&#8221;&#8221; image_icon_width_phone=&#8221;&#8221; image_icon_width_last_edited=&#8221;on|tablet&#8221; module_class=&#8221;resumeBoxBreakFix&#8221; _builder_version=&#8221;4.13.1&#8243; _module_preset=&#8221;default&#8221; header_level=&#8221;h2&#8243; header_font=&#8221;Lato|||on|||||&#8221; header_text_color=&#8221;#BA4F28&#8243; header_font_size=&#8221;24px&#8221; header_letter_spacing=&#8221;3px&#8221; header_line_height=&#8221;1.1em&#8221; image_icon_custom_padding_tablet=&#8221;&#8221; image_icon_custom_padding_phone=&#8221;&#8221; image_icon_custom_padding_last_edited=&#8221;on|tablet&#8221; header_font_size_tablet=&#8221;20px&#8221; header_font_size_phone=&#8221;&#8221; header_font_size_last_edited=&#8221;on|tablet&#8221; header_letter_spacing_tablet=&#8221;0px&#8221; header_letter_spacing_phone=&#8221;&#8221; header_letter_spacing_last_edited=&#8221;on|tablet&#8221; border_width_all_image_tablet=&#8221;&#8221; border_width_all_image_phone=&#8221;&#8221; border_width_all_image_last_edited=&#8221;on|tablet&#8221; global_colors_info=&#8221;{}&#8221; theme_builder_area=&#8221;post_content&#8221;][\/et_pb_blurb][et_pb_text _builder_version=&#8221;4.13.1&#8243; _module_preset=&#8221;default&#8221; text_orientation=&#8221;justified&#8221; global_colors_info=&#8221;{}&#8221; theme_builder_area=&#8221;post_content&#8221;]<\/p>\n<p>Atelier Architecture Croisette offers luxury contemporary villas both on the outside and inside. The presentation of the rooms in these homes provides the residents with a <strong>highly comfortable setting<\/strong>. Living rooms, bedrooms, bathrooms, kitchens, and more all adhere to modern standards and a high-end taste.<\/p>\n<p>We can see <a href=\"https:\/\/atelierarchitecturecroisette.fr\/en\/decoration\/\">mixed designs<\/a> featuring elements such as wooden claddings (Mandelieu-Garello, Vue), cutting-edge internal lighting setups (IMG, Vue), tiles with vibrant textures or carefully matched paint, and so on.<\/p>\n<p>The spacious layout of each room allows for comfortable furnishings and <strong>excellent living comfort<\/strong>. Cleverly positioned glass windows allow optimal daylight penetration during the day and provide various views, such as the garden or distant vegetation, depending on the case.<\/p>\n<p>Moreover, in the realm of luxury and comfort defining these residences, each one boasts the indispensable accessory for a modern construction: the swimming pool. The pools are positioned differently in relation to the villas, offering diverse experiences to the residents. Some residences have the pool in the garden, while others place it directly in front of the building, or even cover it with the villa&#8217;s roof. Trust us, modernity and luxury tailored to the clients&#8217; demands are our specialty.<\/p>\n<p>[\/et_pb_text][\/et_pb_column][\/et_pb_row][\/et_pb_section][et_pb_section fb_built=&#8221;1&#8243; module_class=&#8221;FooterPerso&#8221; _builder_version=&#8221;3.22&#8243; background_color=&#8221;#000000&#8243; custom_padding=&#8221;0px|0px|20px|0px&#8221; z_index_tablet=&#8221;500&#8243; custom_css_main_element=&#8221;z-index:1;&#8221; global_colors_info=&#8221;{}&#8221;][et_pb_row column_structure=&#8221;1_4,1_4,1_4,1_4&#8243; admin_label=&#8221;GlobalFooterEnRow&#8221; _builder_version=&#8221;4.6.6&#8243; background_size=&#8221;initial&#8221; background_position=&#8221;top_left&#8221; background_repeat=&#8221;repeat&#8221; max_width=&#8221;80%&#8221; global_module=&#8221;4846&#8243; global_colors_info=&#8221;{}&#8221;][et_pb_column type=&#8221;1_4&#8243; _builder_version=&#8221;4.6.6&#8243; _module_preset=&#8221;default&#8221; global_colors_info=&#8221;{}&#8221;][et_pb_text _builder_version=&#8221;4.9.10&#8243; text_font_size=&#8221;12px&#8221; text_line_height=&#8221;1em&#8221; z_index_tablet=&#8221;500&#8243; global_colors_info=&#8221;{}&#8221;]<\/p>\n<p><a class=\"mentions\" style=\"color: #ffffff;cursor:pointer;\" href=\"https:\/\/atelierarchitecturecroisette.fr\/en\/\">HOME<\/a><\/p>\n<p><a class=\"mentions\" style=\"color: #ffffff;cursor:pointer;\" href=\"https:\/\/atelierarchitecturecroisette.fr\/en\/politique-de-confidentialite\/\">PRIVACY<\/a><\/p>\n<p><span style=\"color: #bd532b;\" color=\"#bd532b\"><strong>TEL:<\/strong> <span class=\"telephone\"><a style=\"color:#ffffff;\" href=\"tel:+33(0)4 82 29 22 19\">+33(0)4 82 29 22 19<\/a><\/span> <strong>&#8211; MAIL:<\/strong> <a style=\"color: #ffffff;\" class=\"mailtoinfo\" href=\"mailto:info@atelier-ac.fr\">info@atelier-ac.fr<\/a><\/span><\/p>\n<p>[\/et_pb_text][\/et_pb_column][et_pb_column type=&#8221;1_4&#8243; _builder_version=&#8221;4.6.6&#8243; _module_preset=&#8221;default&#8221; global_colors_info=&#8221;{}&#8221;][et_pb_text admin_label=&#8221;GlobalFooterEn&#8221; module_class=&#8221;GlobalFooterEnText&#8221; _builder_version=&#8221;4.9.10&#8243; _module_preset=&#8221;default&#8221; text_font=&#8221;|||on|||||&#8221; text_text_color=&#8221;#ffffff&#8221; text_font_size=&#8221;12px&#8221; link_text_color=&#8221;#ffffff&#8221; global_colors_info=&#8221;{}&#8221;]<\/p>\n<p><a href=\"https:\/\/atelierarchitecturecroisette.fr\/en\/architect-mougins\/\">Architect in Mougins<\/a><br \/><a href=\"https:\/\/atelierarchitecturecroisette.fr\/architecte-eze\/\">Architect in Eze<\/a><br \/><a href=\"https:\/\/atelierarchitecturecroisette.fr\/architecte-roquebrune-cap-martin\/\">Architect in Roquebrune-Cap-Martin<\/a><\/p>\n<p>[\/et_pb_text][\/et_pb_column][et_pb_column type=&#8221;1_4&#8243; _builder_version=&#8221;4.6.6&#8243; _module_preset=&#8221;default&#8221; global_colors_info=&#8221;{}&#8221;][et_pb_text admin_label=&#8221;GlobalFooterEn&#8221; module_class=&#8221;GlobalFooterEnText&#8221; _builder_version=&#8221;4.9.10&#8243; _module_preset=&#8221;default&#8221; text_font=&#8221;|||on|||||&#8221; text_text_color=&#8221;#ffffff&#8221; text_font_size=&#8221;12px&#8221; link_text_color=&#8221;#ffffff&#8221; global_colors_info=&#8221;{}&#8221;]<a href=\"https:\/\/atelierarchitecturecroisette.fr\/architecte-villefranche-sur-mer\/\">Architect in Villefranche-sur-mer<\/a><br \/>\n<a href=\"https:\/\/atelierarchitecturecroisette.fr\/en\/architect-saint-jean-cap-ferrat\/\">Architect in Saint-Jean-Cap-Ferrat<\/a><br \/>\n<a href=\"https:\/\/atelierarchitecturecroisette.fr\/en\/architect-saint-tropez\/\">Architect in Saint-Tropez<\/a>[\/et_pb_text][\/et_pb_column][et_pb_column type=&#8221;1_4&#8243; _builder_version=&#8221;4.6.6&#8243; _module_preset=&#8221;default&#8221; global_colors_info=&#8221;{}&#8221;][et_pb_text admin_label=&#8221;GlobalFooterEn&#8221; module_class=&#8221;GlobalFooterEnText&#8221; _builder_version=&#8221;4.9.10&#8243; _module_preset=&#8221;default&#8221; text_font=&#8221;|||on|||||&#8221; text_text_color=&#8221;#ffffff&#8221; text_font_size=&#8221;12px&#8221; link_text_color=&#8221;#ffffff&#8221; global_colors_info=&#8221;{}&#8221;]<a href=\"https:\/\/atelierarchitecturecroisette.fr\/en\/architect-antibes\/\">Architect in Antibes<\/a><br \/>\n<a href=\"https:\/\/atelierarchitecturecroisette.fr\/en\/architect-cannes\/\">Architect in Cannes<\/a><br \/>\n<a href=\"https:\/\/atelierarchitecturecroisette.fr\/en\/architect-ramatuelle\/\">Architect in Ramatuelle<\/a>[\/et_pb_text][\/et_pb_column][\/et_pb_row][\/et_pb_section]<\/p>\n","protected":false},"excerpt":{"rendered":"<p>ContemporaryContemporary Villas A sleek and cubic design, spacious interiors, a flat roof, numerous energy optimizations&#8230; These are the characteristic features of contemporary villas that aim to provide increasing comfort, luxury, and cost-efficiency for their residents. At Atelier Architecture Croisette, our experts achieve these remarkable accomplishments through original and modern designs. On this page, we showcase [&hellip;]<\/p>\n","protected":false},"author":3,"featured_media":0,"parent":0,"menu_order":0,"comment_status":"closed","ping_status":"closed","template":"","meta":{"_et_pb_use_builder":"on","_et_pb_old_content":"","_et_gb_content_width":"","footnotes":""},"yoast_head":"<!-- This site is optimized with the Yoast SEO plugin v22.3 - https:\/\/yoast.com\/wordpress\/plugins\/seo\/ -->\n<title>Villas contemporaines construites gr\u00e2ce \u00e0 notre cabinet<\/title>\n<meta name=\"description\" content=\"D\u00e9couvrez les villas contemporaines dont la construction s\u2019est effectu\u00e9e gr\u00e2ce \u00e0 l\u2019expertise de notre cabinet Atelier Architecture Croisette.\" \/>\n<meta name=\"robots\" content=\"index, follow, max-snippet:-1, max-image-preview:large, max-video-preview:-1\" \/>\n<link rel=\"canonical\" href=\"https:\/\/atelierarchitecturecroisette.fr\/contemporainesvilla\/\" \/>\n<meta property=\"og:locale\" content=\"en_US\" \/>\n<meta property=\"og:type\" content=\"article\" \/>\n<meta property=\"og:title\" content=\"Villas contemporaines construites gr\u00e2ce \u00e0 notre cabinet\" \/>\n<meta property=\"og:description\" content=\"D\u00e9couvrez les villas contemporaines dont la construction s\u2019est effectu\u00e9e gr\u00e2ce \u00e0 l\u2019expertise de notre cabinet Atelier Architecture Croisette.\" \/>\n<meta property=\"og:url\" content=\"https:\/\/atelierarchitecturecroisette.fr\/contemporainesvilla\/\" \/>\n<meta property=\"og:site_name\" content=\"Atelier Architecture Croisette\" \/>\n<meta property=\"article:modified_time\" content=\"2023-08-01T06:58:13+00:00\" \/>\n<meta name=\"twitter:card\" content=\"summary_large_image\" \/>\n<meta name=\"twitter:label1\" content=\"Est. reading time\" \/>\n\t<meta name=\"twitter:data1\" content=\"9 minutes\" \/>\n<script type=\"application\/ld+json\" class=\"yoast-schema-graph\">{\"@context\":\"https:\/\/schema.org\",\"@graph\":[{\"@type\":\"WebPage\",\"@id\":\"https:\/\/atelierarchitecturecroisette.fr\/contemporainesvilla\/\",\"url\":\"https:\/\/atelierarchitecturecroisette.fr\/contemporainesvilla\/\",\"name\":\"Villas contemporaines construites gr\u00e2ce \u00e0 notre cabinet\",\"isPartOf\":{\"@id\":\"https:\/\/atelierarchitecturecroisette.fr\/#website\"},\"datePublished\":\"2019-09-16T10:33:41+00:00\",\"dateModified\":\"2023-08-01T06:58:13+00:00\",\"description\":\"D\u00e9couvrez les villas contemporaines dont la construction s\u2019est effectu\u00e9e gr\u00e2ce \u00e0 l\u2019expertise de notre cabinet Atelier Architecture Croisette.\",\"breadcrumb\":{\"@id\":\"https:\/\/atelierarchitecturecroisette.fr\/contemporainesvilla\/#breadcrumb\"},\"inLanguage\":\"en-US\",\"potentialAction\":[{\"@type\":\"ReadAction\",\"target\":[\"https:\/\/atelierarchitecturecroisette.fr\/contemporainesvilla\/\"]}]},{\"@type\":\"BreadcrumbList\",\"@id\":\"https:\/\/atelierarchitecturecroisette.fr\/contemporainesvilla\/#breadcrumb\",\"itemListElement\":[{\"@type\":\"ListItem\",\"position\":1,\"name\":\"Accueil\",\"item\":\"https:\/\/atelierarchitecturecroisette.fr\/en\/\"},{\"@type\":\"ListItem\",\"position\":2,\"name\":\"Villas contemporaines construites gr\u00e2ce \u00e0 notre cabinet\"}]},{\"@type\":\"WebSite\",\"@id\":\"https:\/\/atelierarchitecturecroisette.fr\/#website\",\"url\":\"https:\/\/atelierarchitecturecroisette.fr\/\",\"name\":\"Atelier Architecture Croisette\",\"description\":\"\",\"potentialAction\":[{\"@type\":\"SearchAction\",\"target\":{\"@type\":\"EntryPoint\",\"urlTemplate\":\"https:\/\/atelierarchitecturecroisette.fr\/?s={search_term_string}\"},\"query-input\":\"required name=search_term_string\"}],\"inLanguage\":\"en-US\"}]}<\/script>\n<!-- \/ Yoast SEO plugin. -->","yoast_head_json":{"title":"Villas contemporaines construites gr\u00e2ce \u00e0 notre cabinet","description":"D\u00e9couvrez les villas contemporaines dont la construction s\u2019est effectu\u00e9e gr\u00e2ce \u00e0 l\u2019expertise de notre cabinet Atelier Architecture Croisette.","robots":{"index":"index","follow":"follow","max-snippet":"max-snippet:-1","max-image-preview":"max-image-preview:large","max-video-preview":"max-video-preview:-1"},"canonical":"https:\/\/atelierarchitecturecroisette.fr\/contemporainesvilla\/","og_locale":"en_US","og_type":"article","og_title":"Villas contemporaines construites gr\u00e2ce \u00e0 notre cabinet","og_description":"D\u00e9couvrez les villas contemporaines dont la construction s\u2019est effectu\u00e9e gr\u00e2ce \u00e0 l\u2019expertise de notre cabinet Atelier Architecture Croisette.","og_url":"https:\/\/atelierarchitecturecroisette.fr\/contemporainesvilla\/","og_site_name":"Atelier Architecture Croisette","article_modified_time":"2023-08-01T06:58:13+00:00","twitter_card":"summary_large_image","twitter_misc":{"Est. reading time":"9 minutes"},"schema":{"@context":"https:\/\/schema.org","@graph":[{"@type":"WebPage","@id":"https:\/\/atelierarchitecturecroisette.fr\/contemporainesvilla\/","url":"https:\/\/atelierarchitecturecroisette.fr\/contemporainesvilla\/","name":"Villas contemporaines construites gr\u00e2ce \u00e0 notre cabinet","isPartOf":{"@id":"https:\/\/atelierarchitecturecroisette.fr\/#website"},"datePublished":"2019-09-16T10:33:41+00:00","dateModified":"2023-08-01T06:58:13+00:00","description":"D\u00e9couvrez les villas contemporaines dont la construction s\u2019est effectu\u00e9e gr\u00e2ce \u00e0 l\u2019expertise de notre cabinet Atelier Architecture Croisette.","breadcrumb":{"@id":"https:\/\/atelierarchitecturecroisette.fr\/contemporainesvilla\/#breadcrumb"},"inLanguage":"en-US","potentialAction":[{"@type":"ReadAction","target":["https:\/\/atelierarchitecturecroisette.fr\/contemporainesvilla\/"]}]},{"@type":"BreadcrumbList","@id":"https:\/\/atelierarchitecturecroisette.fr\/contemporainesvilla\/#breadcrumb","itemListElement":[{"@type":"ListItem","position":1,"name":"Accueil","item":"https:\/\/atelierarchitecturecroisette.fr\/en\/"},{"@type":"ListItem","position":2,"name":"Villas contemporaines construites gr\u00e2ce \u00e0 notre cabinet"}]},{"@type":"WebSite","@id":"https:\/\/atelierarchitecturecroisette.fr\/#website","url":"https:\/\/atelierarchitecturecroisette.fr\/","name":"Atelier Architecture Croisette","description":"","potentialAction":[{"@type":"SearchAction","target":{"@type":"EntryPoint","urlTemplate":"https:\/\/atelierarchitecturecroisette.fr\/?s={search_term_string}"},"query-input":"required name=search_term_string"}],"inLanguage":"en-US"}]}},"_links":{"self":[{"href":"https:\/\/atelierarchitecturecroisette.fr\/en\/wp-json\/wp\/v2\/pages\/2922"}],"collection":[{"href":"https:\/\/atelierarchitecturecroisette.fr\/en\/wp-json\/wp\/v2\/pages"}],"about":[{"href":"https:\/\/atelierarchitecturecroisette.fr\/en\/wp-json\/wp\/v2\/types\/page"}],"author":[{"embeddable":true,"href":"https:\/\/atelierarchitecturecroisette.fr\/en\/wp-json\/wp\/v2\/users\/3"}],"replies":[{"embeddable":true,"href":"https:\/\/atelierarchitecturecroisette.fr\/en\/wp-json\/wp\/v2\/comments?post=2922"}],"version-history":[{"count":2,"href":"https:\/\/atelierarchitecturecroisette.fr\/en\/wp-json\/wp\/v2\/pages\/2922\/revisions"}],"predecessor-version":[{"id":7107,"href":"https:\/\/atelierarchitecturecroisette.fr\/en\/wp-json\/wp\/v2\/pages\/2922\/revisions\/7107"}],"wp:attachment":[{"href":"https:\/\/atelierarchitecturecroisette.fr\/en\/wp-json\/wp\/v2\/media?parent=2922"}],"curies":[{"name":"wp","href":"https:\/\/api.w.org\/{rel}","templated":true}]}}