{"id":2928,"date":"2019-08-27T23:21:51","date_gmt":"2019-08-27T21:21:51","guid":{"rendered":"http:\/\/atelierarchitecturecroisette.fr\/classiquesvilla\/"},"modified":"2021-07-30T12:22:36","modified_gmt":"2021-07-30T10:22:36","slug":"classiquesvilla","status":"publish","type":"page","link":"https:\/\/atelierarchitecturecroisette.fr\/en\/classiquesvilla\/","title":{"rendered":"Villas classiques : r\u00e9alisations d\u2019Atelier Architecture Croisette"},"content":{"rendered":"<p>[et_pb_section fb_built=&#8221;1&#8243; _builder_version=&#8221;3.22&#8243; custom_padding=&#8221;39px|0px|0|0px|false|false&#8221;][et_pb_row _builder_version=&#8221;3.25&#8243; custom_padding=&#8221;0|0px|25px|0|false|false&#8221;][et_pb_column type=&#8221;4_4&#8243; _builder_version=&#8221;3.25&#8243; custom_padding=&#8221;|||&#8221; custom_padding__hover=&#8221;|||&#8221;][et_pb_text module_class=&#8221;ResizedTitle&#8221; _builder_version=&#8221;4.9.10&#8243; text_font=&#8221;|300||on|||||&#8221; text_font_size=&#8221;60px&#8221; text_orientation=&#8221;center&#8221; hover_enabled=&#8221;0&#8243; z_index_tablet=&#8221;500&#8243; sticky_enabled=&#8221;0&#8243;]<\/p>\n<p style=\"color: #bd532b;\"><strong>Classics<\/strong><\/p>\n<p>[\/et_pb_text][\/et_pb_column][\/et_pb_row][et_pb_row column_structure=&#8221;1_2,1_2&#8243; _builder_version=&#8221;3.25&#8243; background_size=&#8221;initial&#8221; background_position=&#8221;top_left&#8221; background_repeat=&#8221;repeat&#8221;][et_pb_column type=&#8221;1_2&#8243; _builder_version=&#8221;3.25&#8243; custom_padding=&#8221;|||&#8221; custom_padding__hover=&#8221;|||&#8221;][et_pb_button button_url=&#8221;https:\/\/atelierarchitecturecroisette.fr\/villas\/&#8221; button_text=&#8221;BACK&#8221; button_alignment=&#8221;left&#8221; module_class=&#8221;BoutonBack&#8221; _builder_version=&#8221;3.21.1&#8243; custom_button=&#8221;on&#8221; button_text_color=&#8221;#000000&#8243; button_border_color=&#8221;rgba(0,0,0,0)&#8221; button_icon_color=&#8221;#000000&#8243; z_index_tablet=&#8221;500&#8243; saved_tabs=&#8221;all&#8221;][\/et_pb_button][\/et_pb_column][et_pb_column type=&#8221;1_2&#8243; _builder_version=&#8221;3.25&#8243; custom_padding=&#8221;|||&#8221; custom_padding__hover=&#8221;|||&#8221;][et_pb_button button_url=&#8221;https:\/\/atelierarchitecturecroisette.fr\/contact\/&#8221; button_text=&#8221;CONTACT&#8221; button_alignment=&#8221;right&#8221; _builder_version=&#8221;4.5.3&#8243; custom_button=&#8221;on&#8221; button_text_color=&#8221;#000000&#8243; button_border_width=&#8221;0&#8243; z_index_tablet=&#8221;500&#8243; saved_tabs=&#8221;all&#8221;][\/et_pb_button][\/et_pb_column][\/et_pb_row][et_pb_row use_custom_gutter=&#8221;on&#8221; gutter_width=&#8221;1&#8243; module_class=&#8221; et_pb_row_fullwidth&#8221; _builder_version=&#8221;3.25&#8243; width=&#8221;100%&#8221; width_tablet=&#8221;100%&#8221; width_phone=&#8221;&#8221; width_last_edited=&#8221;on|desktop&#8221; max_width=&#8221;100%&#8221; max_width_tablet=&#8221;100%&#8221; max_width_phone=&#8221;&#8221; max_width_last_edited=&#8221;on|desktop&#8221; custom_padding=&#8221;0|0px|50px|0px|false|false&#8221; make_fullwidth=&#8221;on&#8221;][et_pb_column type=&#8221;4_4&#8243; _builder_version=&#8221;3.25&#8243; custom_padding=&#8221;|||&#8221; custom_padding__hover=&#8221;|||&#8221;][et_pb_gallery gallery_ids=&#8221;1997,1996,1995,1994,1993,1714,1712,1711,1710,1709,1708,1707,1706,1705,1704,1703,1702,1701,1700,1699,1698,1697,1696,1695,1694,1693,1692,1691,1690,1689,1688,1687,1686,1685,1684,1683,1682,1681&#8243; gallery_orderby=&#8221;rand&#8221; posts_number=&#8221;50&#8243; show_title_and_caption=&#8221;off&#8221; show_pagination=&#8221;off&#8221; zoom_icon_color=&#8221;rgba(0,0,0,0)&#8221; hover_overlay_color=&#8221;rgba(0,0,0,0)&#8221; _builder_version=&#8221;3.21.1&#8243; custom_margin=&#8221;|0px||0px&#8221; z_index_tablet=&#8221;500&#8243; custom_css_gallery_item=&#8221;padding: 1px;&#8221;][\/et_pb_gallery][\/et_pb_column][\/et_pb_row][et_pb_row disabled_on=&#8221;on|on|on&#8221; _builder_version=&#8221;4.9.10&#8243; _module_preset=&#8221;default&#8221; disabled=&#8221;on&#8221;][et_pb_column type=&#8221;4_4&#8243; _builder_version=&#8221;4.9.0&#8243; _module_preset=&#8221;default&#8221;][et_pb_text _builder_version=&#8221;4.9.0&#8243; _module_preset=&#8221;default&#8221; header_font=&#8221;Karla|700|||||||&#8221; header_text_align=&#8221;center&#8221; header_text_color=&#8221;#bb4e27&#8243; header_font_size=&#8221;46px&#8221; header_letter_spacing=&#8221;3px&#8221; header_2_font=&#8221;Lato|||on|||||&#8221; header_2_text_color=&#8221;#BA4F28&#8243; header_2_letter_spacing=&#8221;3px&#8221; header_2_line_height=&#8221;1.1em&#8221; text_orientation=&#8221;center&#8221; header_font_size_tablet=&#8221;28px&#8221; header_font_size_phone=&#8221;&#8221; header_font_size_last_edited=&#8221;on|tablet&#8221;]<\/p>\n<h1>Villas classiques<\/h1>\n<p>Parmi les mod\u00e8les architecturaux de construction, la <strong>villa classique<\/strong> a toujours pr\u00e9sent\u00e9 une \u00e9l\u00e9gance et un attrait particulier. Raffin\u00e9 et tr\u00e8s spacieux, ce type de logement <strong>offre un confort de riche \u00e0 ses r\u00e9sidents<\/strong>. Dans notre cabinet de sp\u00e9cialistes du b\u00e2timent, nous associons les atouts de ce mod\u00e8le avec les standards de modernit\u00e9, pour concevoir des villas d\u2019un luxe nouveau.<\/p>\n<p>D\u00e9couvrez sur cette page, les villas classiques r\u00e9alis\u00e9es par nos experts, pour des clients de tous horizons. Les images en support traduisent parfaitement l\u2019excellence des performances t\u00e9moignant des belles r\u00e9f\u00e9rences d\u2019Atelier Architecture Croisette.<\/p>\n<p>[\/et_pb_text][\/et_pb_column][\/et_pb_row][et_pb_row disabled_on=&#8221;on|on|on&#8221; _builder_version=&#8221;4.9.10&#8243; _module_preset=&#8221;default&#8221; max_width=&#8221;1200px&#8221; disabled=&#8221;on&#8221;][et_pb_column type=&#8221;4_4&#8243; _builder_version=&#8221;4.6.6&#8243; _module_preset=&#8221;default&#8221; use_background_color_gradient=&#8221;on&#8221; background_color_gradient_start=&#8221;#ffffff&#8221; background_color_gradient_end=&#8221;#BA4F28&#8243; background_color_gradient_direction=&#8221;167deg&#8221; background_color_gradient_start_position=&#8221;94%&#8221; background_color_gradient_end_position=&#8221;95%&#8221; custom_padding=&#8221;20px|20px|30px|20px|false|false&#8221; box_shadow_style=&#8221;preset1&#8243;][et_pb_blurb title=&#8221;Villa classique et modernit\u00e9 : une association de r\u00eave&#8221; use_icon=&#8221;on&#8221; font_icon=&#8221;%%20%%&#8221; icon_placement=&#8221;left&#8221; content_max_width=&#8221;100%&#8221; icon_placement_tablet=&#8221;top&#8221; icon_placement_phone=&#8221;&#8221; icon_placement_last_edited=&#8221;on|tablet&#8221; module_class=&#8221;resumeBoxBreakFix&#8221; _builder_version=&#8221;4.9.0&#8243; _module_preset=&#8221;default&#8221; header_level=&#8221;h2&#8243; header_font=&#8221;Lato|||on|||||&#8221; header_text_color=&#8221;#BA4F28&#8243; header_font_size=&#8221;24px&#8221; header_letter_spacing=&#8221;3px&#8221; header_line_height=&#8221;1.1em&#8221; header_font_size_tablet=&#8221;20px&#8221; header_font_size_phone=&#8221;&#8221; header_font_size_last_edited=&#8221;on|tablet&#8221; header_letter_spacing_tablet=&#8221;0px&#8221; header_letter_spacing_phone=&#8221;&#8221; header_letter_spacing_last_edited=&#8221;on|tablet&#8221;][\/et_pb_blurb][et_pb_text _builder_version=&#8221;4.9.0&#8243; _module_preset=&#8221;default&#8221; text_orientation=&#8221;justified&#8221;]<\/p>\n<p>Les conceptions classiques s\u2019inspirent, \u00e0 la base, de <strong>traditions d\u00e9coratives d\u2019une \u00e9poque aujourd\u2019hui r\u00e9volue<\/strong>. Cependant, lorsqu\u2019on y ajoute quelques notes modernes et originales, on s\u2019aper\u00e7oit vite que ce style pr\u00e9serve sa r\u00e9putation d\u2019<strong>appartenance au grand luxe<\/strong>. Justement, le choix de mati\u00e8res nobles, la pr\u00e9pond\u00e9rance des techniques artisanales, le tout greff\u00e9 \u00e0 un jeu de texture minutieux aboutit \u00e0 une nouvelle forme d\u2019architecture \u00e9l\u00e9gante et soign\u00e9e.<\/p>\n<p>Chez Atelier Architecture Croisette, nos experts valorisent au plus haut point le mariage du style classique avec le moderne. L\u2019alliage entre les deux formats explique la <strong>beaut\u00e9 du design int\u00e9rieur comme ext\u00e9rieur<\/strong> de l\u2019enti\u00e8ret\u00e9 de nos r\u00e9alisations. De mani\u00e8re sp\u00e9cifique, les villas Noadibou, Marjane, Anastasia et Douceur-de-vivre constituent des exemples remarquables.<\/p>\n<p>Elles pr\u00e9sentent des \u00e9quipements d\u2019int\u00e9rieur tr\u00e8s sophistiqu\u00e9s, des escaliers aux bords garnis \u00e0 l\u2019ancienne, une tendance contemporaine par les couleurs vives, les baies vitr\u00e9es, etc., le tout empreint d\u2019une grande magnificence. Revisit\u00e9es et remodel\u00e9es, nos villas classiques restent vivement lumineuses en cours de journ\u00e9e. Elles d\u00e9voilent, en outre, un \u00e9clairage de nuit \u00e0 la fois intense et ajust\u00e9e aux couleurs du b\u00e2timent. C\u2019est notamment le cas avec la r\u00e9alisation Marjane, observ\u00e9e de nuit.<\/p>\n<p>[\/et_pb_text][\/et_pb_column][\/et_pb_row][et_pb_row disabled_on=&#8221;on|on|on&#8221; _builder_version=&#8221;4.9.10&#8243; _module_preset=&#8221;default&#8221; max_width=&#8221;1200px&#8221; disabled=&#8221;on&#8221;][et_pb_column type=&#8221;4_4&#8243; _builder_version=&#8221;4.6.6&#8243; _module_preset=&#8221;default&#8221; use_background_color_gradient=&#8221;on&#8221; background_color_gradient_start=&#8221;#ffffff&#8221; background_color_gradient_end=&#8221;#BA4F28&#8243; background_color_gradient_direction=&#8221;167deg&#8221; background_color_gradient_start_position=&#8221;94%&#8221; background_color_gradient_end_position=&#8221;95%&#8221; custom_padding=&#8221;20px|20px|30px|20px|false|false&#8221; box_shadow_style=&#8221;preset1&#8243;][et_pb_blurb title=&#8221;La supr\u00e9matie du style classique&#8221; use_icon=&#8221;on&#8221; font_icon=&#8221;%%20%%&#8221; icon_placement=&#8221;left&#8221; content_max_width=&#8221;100%&#8221; icon_placement_tablet=&#8221;top&#8221; icon_placement_phone=&#8221;&#8221; icon_placement_last_edited=&#8221;on|tablet&#8221; module_class=&#8221;resumeBoxBreakFix&#8221; _builder_version=&#8221;4.9.0&#8243; _module_preset=&#8221;default&#8221; header_level=&#8221;h2&#8243; header_font=&#8221;Lato|||on|||||&#8221; header_text_color=&#8221;#BA4F28&#8243; header_font_size=&#8221;24px&#8221; header_letter_spacing=&#8221;3px&#8221; header_line_height=&#8221;1.1em&#8221; header_font_size_tablet=&#8221;20px&#8221; header_font_size_phone=&#8221;&#8221; header_font_size_last_edited=&#8221;on|tablet&#8221; header_letter_spacing_tablet=&#8221;0px&#8221; header_letter_spacing_phone=&#8221;&#8221; header_letter_spacing_last_edited=&#8221;on|tablet&#8221;][\/et_pb_blurb][et_pb_text _builder_version=&#8221;4.9.0&#8243; _module_preset=&#8221;default&#8221; text_orientation=&#8221;justified&#8221;]<\/p>\n<p>La villa classique d\u00e9rive d\u2019un <strong>format naturellement impressionnant<\/strong>, imposant et luxueux. Ce style se caract\u00e9rise d\u2019ailleurs par des b\u00e2timents tr\u00e8s grands et tr\u00e8s hauts sur des espaces tr\u00e8s vastes. On le constate nettement par une perspective ext\u00e9rieure \u00e9loign\u00e9e sur les r\u00e9alisations 3D. Elles disposent m\u00eame d\u2019<a href=\"https:\/\/atelierarchitecturecroisette.fr\/en\/appartements\/\">appartements priv\u00e9s<\/a> aux acc\u00e8s ind\u00e9pendants pour le personnel ou pour les invit\u00e9s.<\/p>\n<p>On note \u00e9galement dans ces logements, la supr\u00e9matie du grand luxe, et ceci, au-del\u00e0 m\u00eame des \u00e9quipements internes. En effet, \u00e0 l\u2019ext\u00e9rieur se trouvent des accessoires <strong>tout simplement paradisiaques<\/strong>. Des piscines avec toboggans et parfois avec vue sur la mer pour certaines r\u00e9alisations, des terrasses g\u00e9n\u00e9reuses en espaces, des fleurs choisies et taill\u00e9es en harmonie avec les b\u00e2timents, des arbres d\u00e9coratifs, jardins, pelouses vertes, balcons, etc.<\/p>\n<p>Il va sans dire que ces constructions rassemblent les grands facteurs du luxe et du confort. Depuis l\u2019int\u00e9rieur con\u00e7u avec des <a href=\"https:\/\/atelierarchitecturecroisette.fr\/en\/decoration\/\">am\u00e9nagements haut de gamme<\/a> issus d\u2019un mixage entre le classique et le contemporain, jusqu\u2019\u00e0 l\u2019ext\u00e9rieur fait de nombreux accessoires de r\u00eave, tout concorde au bien-\u00eatre des r\u00e9sidants. Par ailleurs, gr\u00e2ce aux hauteurs in\u00e9gal\u00e9es de ces b\u00e2timents, les propri\u00e9taires acc\u00e8dent \u00e0 une <strong>vue somptueuse<\/strong> du paysage environnant. De quoi optimiser leur confort.<\/p>\n<p>[\/et_pb_text][\/et_pb_column][\/et_pb_row][\/et_pb_section][et_pb_section fb_built=&#8221;1&#8243; module_class=&#8221;FooterPerso&#8221; _builder_version=&#8221;3.22&#8243; background_color=&#8221;#000000&#8243; custom_padding=&#8221;0px|0px|20px|0px&#8221; z_index_tablet=&#8221;500&#8243; custom_css_main_element=&#8221;z-index:1;&#8221;][et_pb_row column_structure=&#8221;1_4,1_4,1_4,1_4&#8243; admin_label=&#8221;GlobalFooterEnRow&#8221; _builder_version=&#8221;4.6.6&#8243; background_size=&#8221;initial&#8221; background_position=&#8221;top_left&#8221; background_repeat=&#8221;repeat&#8221; max_width=&#8221;80%&#8221; global_module=&#8221;4846&#8243;][et_pb_column type=&#8221;1_4&#8243; _builder_version=&#8221;4.6.6&#8243; _module_preset=&#8221;default&#8221;][et_pb_text _builder_version=&#8221;4.9.10&#8243; text_font_size=&#8221;12px&#8221; text_line_height=&#8221;1em&#8221; z_index_tablet=&#8221;500&#8243;]<\/p>\n<p><a class=\"mentions\" style=\"color: #ffffff;cursor:pointer;\" href=\"https:\/\/atelierarchitecturecroisette.fr\/en\/\">HOME<\/a><\/p>\n<p><a class=\"mentions\" style=\"color: #ffffff;cursor:pointer;\" href=\"https:\/\/atelierarchitecturecroisette.fr\/en\/politique-de-confidentialite\/\">PRIVACY<\/a><\/p>\n<p><span style=\"color: #bd532b;\" color=\"#bd532b\"><strong>TEL:<\/strong> <span class=\"telephone\"><a style=\"color:#ffffff;\" href=\"tel:+33(0)4 82 29 22 19\">+33(0)4 82 29 22 19<\/a><\/span> <strong>&#8211; MAIL:<\/strong> <a style=\"color: #ffffff;\" class=\"mailtoinfo\" href=\"mailto:info@atelier-ac.fr\">info@atelier-ac.fr<\/a><\/span><\/p>\n<p>[\/et_pb_text][\/et_pb_column][et_pb_column type=&#8221;1_4&#8243; _builder_version=&#8221;4.6.6&#8243; _module_preset=&#8221;default&#8221;][et_pb_text admin_label=&#8221;GlobalFooterEn&#8221; module_class=&#8221;GlobalFooterEnText&#8221; _builder_version=&#8221;4.9.10&#8243; _module_preset=&#8221;default&#8221; text_font=&#8221;|||on|||||&#8221; text_text_color=&#8221;#ffffff&#8221; text_font_size=&#8221;12px&#8221; link_text_color=&#8221;#ffffff&#8221;]<\/p>\n<p><a href=\"https:\/\/atelierarchitecturecroisette.fr\/en\/architect-mougins\/\">Architect in Mougins<\/a><br \/><a href=\"https:\/\/atelierarchitecturecroisette.fr\/architecte-eze\/\">Architect in Eze<\/a><br \/><a href=\"https:\/\/atelierarchitecturecroisette.fr\/architecte-roquebrune-cap-martin\/\">Architect in Roquebrune-Cap-Martin<\/a><\/p>\n<p>[\/et_pb_text][\/et_pb_column][et_pb_column type=&#8221;1_4&#8243; _builder_version=&#8221;4.6.6&#8243; _module_preset=&#8221;default&#8221;][et_pb_text admin_label=&#8221;GlobalFooterEn&#8221; module_class=&#8221;GlobalFooterEnText&#8221; _builder_version=&#8221;4.9.10&#8243; _module_preset=&#8221;default&#8221; text_font=&#8221;|||on|||||&#8221; text_text_color=&#8221;#ffffff&#8221; text_font_size=&#8221;12px&#8221; link_text_color=&#8221;#ffffff&#8221;]<a href=\"https:\/\/atelierarchitecturecroisette.fr\/architecte-villefranche-sur-mer\/\">Architect in Villefranche-sur-mer<\/a><br \/>\n<a href=\"https:\/\/atelierarchitecturecroisette.fr\/en\/architect-saint-jean-cap-ferrat\/\">Architect in Saint-Jean-Cap-Ferrat<\/a><br \/>\n<a href=\"https:\/\/atelierarchitecturecroisette.fr\/en\/architect-saint-tropez\/\">Architect in Saint-Tropez<\/a>[\/et_pb_text][\/et_pb_column][et_pb_column type=&#8221;1_4&#8243; _builder_version=&#8221;4.6.6&#8243; _module_preset=&#8221;default&#8221;][et_pb_text admin_label=&#8221;GlobalFooterEn&#8221; module_class=&#8221;GlobalFooterEnText&#8221; _builder_version=&#8221;4.9.10&#8243; _module_preset=&#8221;default&#8221; text_font=&#8221;|||on|||||&#8221; text_text_color=&#8221;#ffffff&#8221; text_font_size=&#8221;12px&#8221; link_text_color=&#8221;#ffffff&#8221;]<a href=\"https:\/\/atelierarchitecturecroisette.fr\/en\/architect-antibes\/\">Architect in Antibes<\/a><br \/>\n<a href=\"https:\/\/atelierarchitecturecroisette.fr\/en\/architect-cannes\/\">Architect in Cannes<\/a><br \/>\n<a href=\"https:\/\/atelierarchitecturecroisette.fr\/en\/architect-ramatuelle\/\">Architect in Ramatuelle<\/a>[\/et_pb_text][\/et_pb_column][\/et_pb_row][\/et_pb_section]<\/p>\n","protected":false},"excerpt":{"rendered":"<p>Classics Villas classiques Parmi les mod\u00e8les architecturaux de construction, la villa classique a toujours pr\u00e9sent\u00e9 une \u00e9l\u00e9gance et un attrait particulier. Raffin\u00e9 et tr\u00e8s spacieux, ce type de logement offre un confort de riche \u00e0 ses r\u00e9sidents. Dans notre cabinet de sp\u00e9cialistes du b\u00e2timent, nous associons les atouts de ce mod\u00e8le avec les standards de [&hellip;]<\/p>\n","protected":false},"author":3,"featured_media":0,"parent":0,"menu_order":0,"comment_status":"closed","ping_status":"closed","template":"","meta":{"_et_pb_use_builder":"on","_et_pb_old_content":"","_et_gb_content_width":"","footnotes":""},"yoast_head":"<!-- This site is optimized with the Yoast SEO plugin v22.3 - https:\/\/yoast.com\/wordpress\/plugins\/seo\/ -->\n<title>Villas classiques : r\u00e9alisations d\u2019Atelier Architecture Croisette<\/title>\n<meta name=\"description\" content=\"D\u00e9couvrez sur cette page les villas classiques dont la construction a b\u00e9n\u00e9fici\u00e9 du savoir-faire exceptionnel d\u2019Atelier Architecture Croisette.\" \/>\n<meta name=\"robots\" content=\"index, follow, max-snippet:-1, max-image-preview:large, max-video-preview:-1\" \/>\n<link rel=\"canonical\" href=\"https:\/\/atelierarchitecturecroisette.fr\/classiquesvilla\/\" \/>\n<meta property=\"og:locale\" content=\"en_US\" \/>\n<meta property=\"og:type\" content=\"article\" \/>\n<meta property=\"og:title\" content=\"Villas classiques : r\u00e9alisations d\u2019Atelier Architecture Croisette\" \/>\n<meta property=\"og:description\" content=\"D\u00e9couvrez sur cette page les villas classiques dont la construction a b\u00e9n\u00e9fici\u00e9 du savoir-faire exceptionnel d\u2019Atelier Architecture Croisette.\" \/>\n<meta property=\"og:url\" content=\"https:\/\/atelierarchitecturecroisette.fr\/classiquesvilla\/\" \/>\n<meta property=\"og:site_name\" content=\"Atelier Architecture Croisette\" \/>\n<meta property=\"article:modified_time\" content=\"2021-07-30T10:22:36+00:00\" \/>\n<meta name=\"twitter:card\" content=\"summary_large_image\" \/>\n<meta name=\"twitter:label1\" content=\"Est. reading time\" \/>\n\t<meta name=\"twitter:data1\" content=\"8 minutes\" \/>\n<script type=\"application\/ld+json\" class=\"yoast-schema-graph\">{\"@context\":\"https:\/\/schema.org\",\"@graph\":[{\"@type\":\"WebPage\",\"@id\":\"https:\/\/atelierarchitecturecroisette.fr\/classiquesvilla\/\",\"url\":\"https:\/\/atelierarchitecturecroisette.fr\/classiquesvilla\/\",\"name\":\"Villas classiques : r\u00e9alisations d\u2019Atelier Architecture Croisette\",\"isPartOf\":{\"@id\":\"https:\/\/atelierarchitecturecroisette.fr\/#website\"},\"datePublished\":\"2019-08-27T21:21:51+00:00\",\"dateModified\":\"2021-07-30T10:22:36+00:00\",\"description\":\"D\u00e9couvrez sur cette page les villas classiques dont la construction a b\u00e9n\u00e9fici\u00e9 du savoir-faire exceptionnel d\u2019Atelier Architecture Croisette.\",\"breadcrumb\":{\"@id\":\"https:\/\/atelierarchitecturecroisette.fr\/classiquesvilla\/#breadcrumb\"},\"inLanguage\":\"en-US\",\"potentialAction\":[{\"@type\":\"ReadAction\",\"target\":[\"https:\/\/atelierarchitecturecroisette.fr\/classiquesvilla\/\"]}]},{\"@type\":\"BreadcrumbList\",\"@id\":\"https:\/\/atelierarchitecturecroisette.fr\/classiquesvilla\/#breadcrumb\",\"itemListElement\":[{\"@type\":\"ListItem\",\"position\":1,\"name\":\"Accueil\",\"item\":\"https:\/\/atelierarchitecturecroisette.fr\/en\/\"},{\"@type\":\"ListItem\",\"position\":2,\"name\":\"Villas classiques : r\u00e9alisations d\u2019Atelier Architecture Croisette\"}]},{\"@type\":\"WebSite\",\"@id\":\"https:\/\/atelierarchitecturecroisette.fr\/#website\",\"url\":\"https:\/\/atelierarchitecturecroisette.fr\/\",\"name\":\"Atelier Architecture Croisette\",\"description\":\"\",\"potentialAction\":[{\"@type\":\"SearchAction\",\"target\":{\"@type\":\"EntryPoint\",\"urlTemplate\":\"https:\/\/atelierarchitecturecroisette.fr\/?s={search_term_string}\"},\"query-input\":\"required name=search_term_string\"}],\"inLanguage\":\"en-US\"}]}<\/script>\n<!-- \/ Yoast SEO plugin. -->","yoast_head_json":{"title":"Villas classiques : r\u00e9alisations d\u2019Atelier Architecture Croisette","description":"D\u00e9couvrez sur cette page les villas classiques dont la construction a b\u00e9n\u00e9fici\u00e9 du savoir-faire exceptionnel d\u2019Atelier Architecture Croisette.","robots":{"index":"index","follow":"follow","max-snippet":"max-snippet:-1","max-image-preview":"max-image-preview:large","max-video-preview":"max-video-preview:-1"},"canonical":"https:\/\/atelierarchitecturecroisette.fr\/classiquesvilla\/","og_locale":"en_US","og_type":"article","og_title":"Villas classiques : r\u00e9alisations d\u2019Atelier Architecture Croisette","og_description":"D\u00e9couvrez sur cette page les villas classiques dont la construction a b\u00e9n\u00e9fici\u00e9 du savoir-faire exceptionnel d\u2019Atelier Architecture Croisette.","og_url":"https:\/\/atelierarchitecturecroisette.fr\/classiquesvilla\/","og_site_name":"Atelier Architecture Croisette","article_modified_time":"2021-07-30T10:22:36+00:00","twitter_card":"summary_large_image","twitter_misc":{"Est. reading time":"8 minutes"},"schema":{"@context":"https:\/\/schema.org","@graph":[{"@type":"WebPage","@id":"https:\/\/atelierarchitecturecroisette.fr\/classiquesvilla\/","url":"https:\/\/atelierarchitecturecroisette.fr\/classiquesvilla\/","name":"Villas classiques : r\u00e9alisations d\u2019Atelier Architecture Croisette","isPartOf":{"@id":"https:\/\/atelierarchitecturecroisette.fr\/#website"},"datePublished":"2019-08-27T21:21:51+00:00","dateModified":"2021-07-30T10:22:36+00:00","description":"D\u00e9couvrez sur cette page les villas classiques dont la construction a b\u00e9n\u00e9fici\u00e9 du savoir-faire exceptionnel d\u2019Atelier Architecture Croisette.","breadcrumb":{"@id":"https:\/\/atelierarchitecturecroisette.fr\/classiquesvilla\/#breadcrumb"},"inLanguage":"en-US","potentialAction":[{"@type":"ReadAction","target":["https:\/\/atelierarchitecturecroisette.fr\/classiquesvilla\/"]}]},{"@type":"BreadcrumbList","@id":"https:\/\/atelierarchitecturecroisette.fr\/classiquesvilla\/#breadcrumb","itemListElement":[{"@type":"ListItem","position":1,"name":"Accueil","item":"https:\/\/atelierarchitecturecroisette.fr\/en\/"},{"@type":"ListItem","position":2,"name":"Villas classiques : r\u00e9alisations d\u2019Atelier Architecture Croisette"}]},{"@type":"WebSite","@id":"https:\/\/atelierarchitecturecroisette.fr\/#website","url":"https:\/\/atelierarchitecturecroisette.fr\/","name":"Atelier Architecture Croisette","description":"","potentialAction":[{"@type":"SearchAction","target":{"@type":"EntryPoint","urlTemplate":"https:\/\/atelierarchitecturecroisette.fr\/?s={search_term_string}"},"query-input":"required name=search_term_string"}],"inLanguage":"en-US"}]}},"_links":{"self":[{"href":"https:\/\/atelierarchitecturecroisette.fr\/en\/wp-json\/wp\/v2\/pages\/2928"}],"collection":[{"href":"https:\/\/atelierarchitecturecroisette.fr\/en\/wp-json\/wp\/v2\/pages"}],"about":[{"href":"https:\/\/atelierarchitecturecroisette.fr\/en\/wp-json\/wp\/v2\/types\/page"}],"author":[{"embeddable":true,"href":"https:\/\/atelierarchitecturecroisette.fr\/en\/wp-json\/wp\/v2\/users\/3"}],"replies":[{"embeddable":true,"href":"https:\/\/atelierarchitecturecroisette.fr\/en\/wp-json\/wp\/v2\/comments?post=2928"}],"version-history":[{"count":0,"href":"https:\/\/atelierarchitecturecroisette.fr\/en\/wp-json\/wp\/v2\/pages\/2928\/revisions"}],"wp:attachment":[{"href":"https:\/\/atelierarchitecturecroisette.fr\/en\/wp-json\/wp\/v2\/media?parent=2928"}],"curies":[{"name":"wp","href":"https:\/\/api.w.org\/{rel}","templated":true}]}}