{"id":2929,"date":"2019-08-27T23:21:31","date_gmt":"2019-08-27T21:21:31","guid":{"rendered":"http:\/\/atelierarchitecturecroisette.fr\/intemporellesappart\/"},"modified":"2021-07-30T11:54:11","modified_gmt":"2021-07-30T09:54:11","slug":"intemporellesappart","status":"publish","type":"page","link":"https:\/\/atelierarchitecturecroisette.fr\/en\/intemporellesappart\/","title":{"rendered":"Appartements de style intemporel : nos r\u00e9alisations"},"content":{"rendered":"<p>[et_pb_section fb_built=&#8221;1&#8243; _builder_version=&#8221;3.22&#8243; custom_padding=&#8221;39px|0px|0|0px|false|false&#8221;][et_pb_row _builder_version=&#8221;3.25&#8243; custom_padding=&#8221;0|0px|25px|0|false|false&#8221;][et_pb_column type=&#8221;4_4&#8243; _builder_version=&#8221;3.25&#8243; custom_padding=&#8221;|||&#8221; custom_padding__hover=&#8221;|||&#8221;][et_pb_text module_class=&#8221;ResizedTitle&#8221; _builder_version=&#8221;4.9.10&#8243; text_font=&#8221;|300||on|||||&#8221; text_font_size=&#8221;60px&#8221; text_orientation=&#8221;center&#8221; hover_enabled=&#8221;0&#8243; z_index_tablet=&#8221;500&#8243; sticky_enabled=&#8221;0&#8243;]<\/p>\n<p style=\"color: #bd532b;\"><strong>TIMELESS<\/strong><\/p>\n<p>[\/et_pb_text][\/et_pb_column][\/et_pb_row][et_pb_row column_structure=&#8221;1_2,1_2&#8243; _builder_version=&#8221;3.25&#8243;][et_pb_column type=&#8221;1_2&#8243; _builder_version=&#8221;3.25&#8243; custom_padding=&#8221;|||&#8221; custom_padding__hover=&#8221;|||&#8221;][et_pb_button button_url=&#8221;https:\/\/atelierarchitecturecroisette.fr\/appartements\/&#8221; button_text=&#8221;BACK&#8221; button_alignment=&#8221;left&#8221; module_class=&#8221;BoutonBack&#8221; _builder_version=&#8221;3.21.1&#8243; custom_button=&#8221;on&#8221; button_text_color=&#8221;#000000&#8243; button_border_color=&#8221;rgba(0,0,0,0)&#8221; z_index_tablet=&#8221;500&#8243;][\/et_pb_button][\/et_pb_column][et_pb_column type=&#8221;1_2&#8243; _builder_version=&#8221;3.25&#8243; custom_padding=&#8221;|||&#8221; custom_padding__hover=&#8221;|||&#8221;][et_pb_button button_url=&#8221;https:\/\/atelierarchitecturecroisette.fr\/contact\/&#8221; button_text=&#8221;CONTACT&#8221; button_alignment=&#8221;right&#8221; _builder_version=&#8221;4.5.3&#8243; custom_button=&#8221;on&#8221; button_text_color=&#8221;#000000&#8243; button_border_width=&#8221;0&#8243; z_index_tablet=&#8221;500&#8243; saved_tabs=&#8221;all&#8221;][\/et_pb_button][\/et_pb_column][\/et_pb_row][et_pb_row use_custom_gutter=&#8221;on&#8221; gutter_width=&#8221;1&#8243; module_class=&#8221; et_pb_row_fullwidth&#8221; _builder_version=&#8221;3.25&#8243; width=&#8221;100%&#8221; width_tablet=&#8221;100%&#8221; width_phone=&#8221;&#8221; width_last_edited=&#8221;on|desktop&#8221; max_width=&#8221;100%&#8221; max_width_tablet=&#8221;100%&#8221; max_width_phone=&#8221;&#8221; max_width_last_edited=&#8221;on|desktop&#8221; custom_padding=&#8221;0|0px|50px|0px|false|false&#8221; make_fullwidth=&#8221;on&#8221;][et_pb_column type=&#8221;4_4&#8243; _builder_version=&#8221;3.25&#8243; custom_padding=&#8221;|||&#8221; custom_padding__hover=&#8221;|||&#8221;][et_pb_gallery gallery_ids=&#8221;1992,1991,1990,1989,1988,1987,1986,1985,1984,1983,1982,1981,1980,1979,1978,1977,1976,1975,1974,1973,1972,1971,1970,1969,1968,1967,1966,1965,1964,1963,1962,1961,1960,1959,1958,1957,1878&#8243; gallery_orderby=&#8221;rand&#8221; posts_number=&#8221;50&#8243; show_title_and_caption=&#8221;off&#8221; show_pagination=&#8221;off&#8221; zoom_icon_color=&#8221;rgba(0,0,0,0)&#8221; hover_overlay_color=&#8221;rgba(0,0,0,0)&#8221; _builder_version=&#8221;3.21.1&#8243; custom_margin=&#8221;|0px||0px&#8221; z_index_tablet=&#8221;500&#8243; custom_css_gallery_item=&#8221;padding: 1px;&#8221;][\/et_pb_gallery][\/et_pb_column][\/et_pb_row][\/et_pb_section][et_pb_section fb_built=&#8221;1&#8243; disabled_on=&#8221;on|on|on&#8221; _builder_version=&#8221;4.9.10&#8243; _module_preset=&#8221;default&#8221; disabled=&#8221;on&#8221;][et_pb_row _builder_version=&#8221;4.6.6&#8243; _module_preset=&#8221;default&#8221;][et_pb_column type=&#8221;4_4&#8243; _builder_version=&#8221;4.6.6&#8243; _module_preset=&#8221;default&#8221;][et_pb_text module_class=&#8221;archi_text2_title&#8221; _builder_version=&#8221;4.6.6&#8243; text_font=&#8221;Montserrat||||||||&#8221; text_letter_spacing=&#8221;3px&#8221; header_font=&#8221;Karla|700|||||||&#8221; header_text_color=&#8221;#bb4e27&#8243; header_font_size=&#8221;46px&#8221; header_letter_spacing=&#8221;3px&#8221; header_2_font=&#8221;Lato|||on|||||&#8221; header_2_text_color=&#8221;#B53E18&#8243; header_2_font_size=&#8221;30px&#8221; header_2_letter_spacing=&#8221;3px&#8221; header_2_line_height=&#8221;1.1em&#8221; header_3_font=&#8221;Karla|700||on|||||&#8221; header_3_text_color=&#8221;rgba(0,0,0,0.4)&#8221; header_3_font_size=&#8221;12px&#8221; header_3_letter_spacing=&#8221;1px&#8221; header_3_line_height=&#8221;1.8em&#8221; header_4_font=&#8221;Karla||||||||&#8221; custom_margin=&#8221;||0px&#8221; custom_margin_tablet=&#8221;|||18px|false|false&#8221; custom_margin_phone=&#8221;&#8221; custom_margin_last_edited=&#8221;on|tablet&#8221; header_font_size_tablet=&#8221;32px&#8221; header_font_size_phone=&#8221;28px&#8221; header_font_size_last_edited=&#8221;on|phone&#8221; header_2_font_size_tablet=&#8221;32px&#8221; header_2_font_size_phone=&#8221;28px&#8221; header_2_font_size_last_edited=&#8221;on|phone&#8221; header_3_font_size_tablet=&#8221;32px&#8221; header_3_font_size_phone=&#8221;28px&#8221; header_3_font_size_last_edited=&#8221;on|phone&#8221; header_4_font_size_tablet=&#8221;32px&#8221; header_4_font_size_phone=&#8221;28px&#8221; header_4_font_size_last_edited=&#8221;on|phone&#8221; locked=&#8221;off&#8221;]<\/p>\n<h1 style=\"text-align: center;\">Architecte Appartements Intemporels<\/h1>\n<p>[\/et_pb_text][et_pb_text _builder_version=&#8221;4.6.6&#8243; _module_preset=&#8221;default&#8221;]<\/p>\n<p style=\"text-align: center;\">Le bureau d\u2019\u00e9tudes Atelier Architecture Croisette a r\u00e9alis\u00e9 sur la C\u00f4te d\u2019Azur, de nombreux <strong>appartements au style intemporel<\/strong>. Les projets que nous concr\u00e9tisons se distinguent par leur design unique et original. Nous assurons \u00e0 tous nos clients une habitation dont le style traversera le temps et restera toujours \u00e0 la mode, m\u00eame apr\u00e8s des ann\u00e9es.<\/p>\n<p style=\"text-align: center;\">Nos experts ont su d\u00e9montrer \u00e0 chaque fois leur expertise dans ce <strong>mod\u00e8le d\u2019architecture<\/strong>. Vous voulez d\u00e9couvrir les m\u00e9thodes appliqu\u00e9es par notre cabinet pour r\u00e9aliser ces <a href=\"https:\/\/atelierarchitecturecroisette.fr\/en\/villas\/\">logements d\u2019exception<\/a> ? Nous vous donnons des r\u00e9ponses sur cette page. \u00c0 travers les images de nos diverses r\u00e9alisations partout dans le monde, d\u00e9couvrez les principales caract\u00e9ristiques des appartements qui t\u00e9moignent du savoir-faire de nos professionnels.<\/p>\n<p>&nbsp;<\/p>\n<p>[\/et_pb_text][\/et_pb_column][\/et_pb_row][et_pb_row column_structure=&#8221;1_3,1_3,1_3&#8243; _builder_version=&#8221;4.6.6&#8243; _module_preset=&#8221;default&#8221; max_width=&#8221;1200px&#8221;][et_pb_column type=&#8221;1_3&#8243; _builder_version=&#8221;4.6.6&#8243; _module_preset=&#8221;default&#8221; use_background_color_gradient=&#8221;on&#8221; background_color_gradient_start=&#8221;#ffffff&#8221; background_color_gradient_end=&#8221;#BA4F28&#8243; background_color_gradient_direction=&#8221;167deg&#8221; background_color_gradient_start_position=&#8221;94%&#8221; background_color_gradient_end_position=&#8221;95%&#8221; custom_padding=&#8221;20px|20px|30px|20px|false|false&#8221; box_shadow_style=&#8221;preset1&#8243;][et_pb_blurb title=&#8221;Le mobilier&#8221; use_icon=&#8221;on&#8221; font_icon=&#8221;%%20%%&#8221; icon_placement=&#8221;left&#8221; _builder_version=&#8221;4.6.6&#8243; _module_preset=&#8221;default&#8221; header_level=&#8221;h2&#8243; header_font=&#8221;Lato|||on|||||&#8221; header_text_color=&#8221;#BA4F28&#8243; header_font_size=&#8221;26px&#8221; header_letter_spacing=&#8221;3px&#8221; header_line_height=&#8221;1.1em&#8221;][\/et_pb_blurb][et_pb_text _builder_version=&#8221;4.6.6&#8243; _module_preset=&#8221;default&#8221;]<\/p>\n<p style=\"text-align: justify;\">Pour rehausser votre appartement d\u2019un style luxueux et intemporel, notre cabinet prend soin de toujours int\u00e9grer des meubles anciens, ainsi que des <strong>\u00e9l\u00e9ments contemporains et du design<\/strong>. Comme vous le constatez s\u00fbrement dans ces logements luxueux con\u00e7us par nos experts, nous s\u00e9lectionnons des meubles fonctionnels aux lignes droites et simples, au style \u00e9pur\u00e9, avec des couleurs sobres et neutres.<\/p>\n<p>[\/et_pb_text][\/et_pb_column][et_pb_column type=&#8221;1_3&#8243; _builder_version=&#8221;4.6.6&#8243; _module_preset=&#8221;default&#8221; use_background_color_gradient=&#8221;on&#8221; background_color_gradient_start=&#8221;#ffffff&#8221; background_color_gradient_end=&#8221;#BA4F28&#8243; background_color_gradient_direction=&#8221;167deg&#8221; background_color_gradient_start_position=&#8221;94%&#8221; background_color_gradient_end_position=&#8221;95%&#8221; custom_padding=&#8221;20px|20px|30px|20px|false|false&#8221; box_shadow_style=&#8221;preset1&#8243;][et_pb_blurb title=&#8221;Les materiaux&#8221; use_icon=&#8221;on&#8221; font_icon=&#8221;%%20%%&#8221; icon_placement=&#8221;left&#8221; _builder_version=&#8221;4.6.6&#8243; _module_preset=&#8221;default&#8221; header_level=&#8221;h2&#8243; header_font=&#8221;Lato|||on|||||&#8221; header_text_color=&#8221;#BA4F28&#8243; header_font_size=&#8221;26px&#8221; header_letter_spacing=&#8221;3px&#8221; header_line_height=&#8221;1.1em&#8221;][\/et_pb_blurb][et_pb_text _builder_version=&#8221;4.6.6&#8243; _module_preset=&#8221;default&#8221;]<\/p>\n<p style=\"text-align: justify;\">Pour vous cr\u00e9er un habitat intemporel, Atelier Architecture Croisette choisit des mat\u00e9riaux qui r\u00e9sisteront \u00e0 l\u2019\u00e9preuve du temps. Nous optons essentiellement pour la qualit\u00e9. Nous privil\u00e9gions, dans le cadre de nos <strong>travaux<\/strong>, les mat\u00e9riaux naturels. Comme le montrent les photos de nos r\u00e9alisations, les mati\u00e8res telles que le bois, le verre, l\u2019acier constituent la base de l\u2019am\u00e9nagement de vos cuisines et salles de bains.<\/p>\n<p>[\/et_pb_text][\/et_pb_column][et_pb_column type=&#8221;1_3&#8243; _builder_version=&#8221;4.6.6&#8243; _module_preset=&#8221;default&#8221; use_background_color_gradient=&#8221;on&#8221; background_color_gradient_start=&#8221;#ffffff&#8221; background_color_gradient_end=&#8221;#BA4F28&#8243; background_color_gradient_direction=&#8221;167deg&#8221; background_color_gradient_start_position=&#8221;94%&#8221; background_color_gradient_end_position=&#8221;95%&#8221; custom_padding=&#8221;20px|20px|30px|20px|false|false&#8221; box_shadow_style=&#8221;preset1&#8243;][et_pb_blurb title=&#8221;Les accessoires&#8221; use_icon=&#8221;on&#8221; font_icon=&#8221;%%20%%&#8221; icon_placement=&#8221;left&#8221; _builder_version=&#8221;4.6.6&#8243; _module_preset=&#8221;default&#8221; header_level=&#8221;h2&#8243; header_font=&#8221;Lato|||on|||||&#8221; header_text_color=&#8221;#BA4F28&#8243; header_font_size=&#8221;26px&#8221; header_letter_spacing=&#8221;3px&#8221; header_line_height=&#8221;1.1em&#8221;][\/et_pb_blurb][et_pb_text _builder_version=&#8221;4.6.6&#8243; _module_preset=&#8221;default&#8221; custom_padding=&#8221;|2px||||&#8221;]<\/p>\n<p style=\"text-align: justify;\">La pr\u00e9sence des couleurs p\u00e2les et des mati\u00e8res naturelles nous permet de disposer d\u2019une grande marge pour ajouter des accessoires de toute sorte. Comme dans ces appartements d\u2019exception dont nous avons assur\u00e9 la construction, nous optons par exemple pour des coussins color\u00e9s, des vases modernes, des luminaires au style vari\u00e9. Pour les amateurs de vin, notre cabinet se sp\u00e9cialise \u00e9galement dans la r\u00e9alisation de <a href=\"https:\/\/atelierarchitecturecroisette.fr\/en\/caveavins\/\">caves<\/a> comme vous pouvez le voir dans l\u2019une des images de notre galerie.<\/p>\n<p>[\/et_pb_text][\/et_pb_column][\/et_pb_row][et_pb_row _builder_version=&#8221;4.6.6&#8243; _module_preset=&#8221;default&#8221;][et_pb_column type=&#8221;4_4&#8243; _builder_version=&#8221;4.6.6&#8243; _module_preset=&#8221;default&#8221;][et_pb_text _builder_version=&#8221;4.6.6&#8243; _module_preset=&#8221;default&#8221;]<\/p>\n<p style=\"text-align: center;\">Vous avez d\u00e9cid\u00e9 de <strong>construire ou de r\u00e9nover<\/strong> votre habitation dans un style intemporel ? Vous pouvez compter sur notre cabinet d\u2019architectes. Contactez-nous pour concr\u00e9tiser votre projet dans les meilleures conditions.<\/p>\n<p>[\/et_pb_text][\/et_pb_column][\/et_pb_row][et_pb_row _builder_version=&#8221;4.6.6&#8243; _module_preset=&#8221;default&#8221;][et_pb_column type=&#8221;4_4&#8243; _builder_version=&#8221;4.6.6&#8243; _module_preset=&#8221;default&#8221;][et_pb_button button_url=&#8221;\/contact\/&#8221; button_text=&#8221;Contactez-nous&#8221; button_alignment=&#8221;center&#8221; _builder_version=&#8221;4.6.6&#8243; custom_button=&#8221;on&#8221; button_text_size=&#8221;13px&#8221; button_text_color=&#8221;#ffffff&#8221; button_bg_color=&#8221;#141617&#8243; button_border_width=&#8221;0px&#8221; button_border_radius=&#8221;0px&#8221; button_letter_spacing=&#8221;2px&#8221; button_font=&#8221;|700||on|||||&#8221; button_icon=&#8221;%%43%%&#8221; button_on_hover=&#8221;off&#8221; custom_margin=&#8221;|||-12px&#8221; custom_margin_tablet=&#8221;&#8221; custom_margin_phone=&#8221;|||0px&#8221; custom_margin_last_edited=&#8221;on|desktop&#8221; custom_padding=&#8221;16px|48px|16px|32px|true|false&#8221; custom_padding_last_edited=&#8221;off|desktop&#8221; custom_padding__hover_enabled=&#8221;on&#8221; custom_padding__hover=&#8221;|52px||36px&#8221;][\/et_pb_button][\/et_pb_column][\/et_pb_row][\/et_pb_section][et_pb_section fb_built=&#8221;1&#8243; module_class=&#8221;FooterPerso&#8221; _builder_version=&#8221;3.22&#8243; background_color=&#8221;#000000&#8243; custom_padding=&#8221;0px|0px|20px|0px&#8221; z_index_tablet=&#8221;500&#8243; custom_css_main_element=&#8221;z-index:1;&#8221;][et_pb_row column_structure=&#8221;1_4,1_4,1_4,1_4&#8243; admin_label=&#8221;GlobalFooterEnRow&#8221; _builder_version=&#8221;4.6.6&#8243; background_size=&#8221;initial&#8221; background_position=&#8221;top_left&#8221; background_repeat=&#8221;repeat&#8221; max_width=&#8221;80%&#8221; global_module=&#8221;4846&#8243;][et_pb_column type=&#8221;1_4&#8243; _builder_version=&#8221;4.6.6&#8243; _module_preset=&#8221;default&#8221;][et_pb_text _builder_version=&#8221;4.9.10&#8243; text_font_size=&#8221;12px&#8221; text_line_height=&#8221;1em&#8221; z_index_tablet=&#8221;500&#8243;]<\/p>\n<p><a class=\"mentions\" style=\"color: #ffffff;cursor:pointer;\" href=\"https:\/\/atelierarchitecturecroisette.fr\/en\/\">HOME<\/a><\/p>\n<p><a class=\"mentions\" style=\"color: #ffffff;cursor:pointer;\" href=\"https:\/\/atelierarchitecturecroisette.fr\/en\/politique-de-confidentialite\/\">PRIVACY<\/a><\/p>\n<p><span style=\"color: #bd532b;\" color=\"#bd532b\"><strong>TEL:<\/strong> <span class=\"telephone\"><a style=\"color:#ffffff;\" href=\"tel:+33(0)4 82 29 22 19\">+33(0)4 82 29 22 19<\/a><\/span> <strong>&#8211; MAIL:<\/strong> <a style=\"color: #ffffff;\" class=\"mailtoinfo\" href=\"mailto:info@atelier-ac.fr\">info@atelier-ac.fr<\/a><\/span><\/p>\n<p>[\/et_pb_text][\/et_pb_column][et_pb_column type=&#8221;1_4&#8243; _builder_version=&#8221;4.6.6&#8243; _module_preset=&#8221;default&#8221;][et_pb_text admin_label=&#8221;GlobalFooterEn&#8221; module_class=&#8221;GlobalFooterEnText&#8221; _builder_version=&#8221;4.9.10&#8243; _module_preset=&#8221;default&#8221; text_font=&#8221;|||on|||||&#8221; text_text_color=&#8221;#ffffff&#8221; text_font_size=&#8221;12px&#8221; link_text_color=&#8221;#ffffff&#8221;]<\/p>\n<p><a href=\"https:\/\/atelierarchitecturecroisette.fr\/en\/architect-mougins\/\">Architect in Mougins<\/a><br \/><a href=\"https:\/\/atelierarchitecturecroisette.fr\/architecte-eze\/\">Architect in Eze<\/a><br \/><a href=\"https:\/\/atelierarchitecturecroisette.fr\/architecte-roquebrune-cap-martin\/\">Architect in Roquebrune-Cap-Martin<\/a><\/p>\n<p>[\/et_pb_text][\/et_pb_column][et_pb_column type=&#8221;1_4&#8243; _builder_version=&#8221;4.6.6&#8243; _module_preset=&#8221;default&#8221;][et_pb_text admin_label=&#8221;GlobalFooterEn&#8221; module_class=&#8221;GlobalFooterEnText&#8221; _builder_version=&#8221;4.9.10&#8243; _module_preset=&#8221;default&#8221; text_font=&#8221;|||on|||||&#8221; text_text_color=&#8221;#ffffff&#8221; text_font_size=&#8221;12px&#8221; link_text_color=&#8221;#ffffff&#8221;]<a href=\"https:\/\/atelierarchitecturecroisette.fr\/architecte-villefranche-sur-mer\/\">Architect in Villefranche-sur-mer<\/a><br \/>\n<a href=\"https:\/\/atelierarchitecturecroisette.fr\/en\/architect-saint-jean-cap-ferrat\/\">Architect in Saint-Jean-Cap-Ferrat<\/a><br \/>\n<a href=\"https:\/\/atelierarchitecturecroisette.fr\/en\/architect-saint-tropez\/\">Architect in Saint-Tropez<\/a>[\/et_pb_text][\/et_pb_column][et_pb_column type=&#8221;1_4&#8243; _builder_version=&#8221;4.6.6&#8243; _module_preset=&#8221;default&#8221;][et_pb_text admin_label=&#8221;GlobalFooterEn&#8221; module_class=&#8221;GlobalFooterEnText&#8221; _builder_version=&#8221;4.9.10&#8243; _module_preset=&#8221;default&#8221; text_font=&#8221;|||on|||||&#8221; text_text_color=&#8221;#ffffff&#8221; text_font_size=&#8221;12px&#8221; link_text_color=&#8221;#ffffff&#8221;]<a href=\"https:\/\/atelierarchitecturecroisette.fr\/en\/architect-antibes\/\">Architect in Antibes<\/a><br \/>\n<a href=\"https:\/\/atelierarchitecturecroisette.fr\/en\/architect-cannes\/\">Architect in Cannes<\/a><br \/>\n<a href=\"https:\/\/atelierarchitecturecroisette.fr\/en\/architect-ramatuelle\/\">Architect in Ramatuelle<\/a>[\/et_pb_text][\/et_pb_column][\/et_pb_row][\/et_pb_section]<\/p>\n","protected":false},"excerpt":{"rendered":"<p>TIMELESS Architecte Appartements IntemporelsLe bureau d\u2019\u00e9tudes Atelier Architecture Croisette a r\u00e9alis\u00e9 sur la C\u00f4te d\u2019Azur, de nombreux appartements au style intemporel. Les projets que nous concr\u00e9tisons se distinguent par leur design unique et original. Nous assurons \u00e0 tous nos clients une habitation dont le style traversera le temps et restera toujours \u00e0 la mode, m\u00eame [&hellip;]<\/p>\n","protected":false},"author":3,"featured_media":0,"parent":0,"menu_order":0,"comment_status":"closed","ping_status":"closed","template":"","meta":{"_et_pb_use_builder":"on","_et_pb_old_content":"","_et_gb_content_width":"","footnotes":""},"yoast_head":"<!-- This site is optimized with the Yoast SEO plugin v22.3 - https:\/\/yoast.com\/wordpress\/plugins\/seo\/ -->\n<title>Appartements de style intemporel Cannes : R\u00e9alisations<\/title>\n<meta name=\"description\" content=\"Appr\u00e9ciez notre savoir-faire en d\u00e9couvrant nos appartements r\u00e9nov\u00e9s de style intemporels par notre cabinet d&#039;architectes \u00e0 Cannes.\" \/>\n<meta name=\"robots\" content=\"index, follow, max-snippet:-1, max-image-preview:large, max-video-preview:-1\" \/>\n<link rel=\"canonical\" href=\"https:\/\/atelierarchitecturecroisette.fr\/intemporellesappart\/\" \/>\n<meta property=\"og:locale\" content=\"en_US\" \/>\n<meta property=\"og:type\" content=\"article\" \/>\n<meta property=\"og:title\" content=\"Appartements de style intemporel Cannes : R\u00e9alisations\" \/>\n<meta property=\"og:description\" content=\"Appr\u00e9ciez notre savoir-faire en d\u00e9couvrant nos appartements r\u00e9nov\u00e9s de style intemporels par notre cabinet d&#039;architectes \u00e0 Cannes.\" \/>\n<meta property=\"og:url\" content=\"https:\/\/atelierarchitecturecroisette.fr\/intemporellesappart\/\" \/>\n<meta property=\"og:site_name\" content=\"Atelier Architecture Croisette\" \/>\n<meta property=\"article:modified_time\" content=\"2021-07-30T09:54:11+00:00\" \/>\n<meta name=\"twitter:card\" content=\"summary_large_image\" \/>\n<meta name=\"twitter:label1\" content=\"Est. reading time\" \/>\n\t<meta name=\"twitter:data1\" content=\"8 minutes\" \/>\n<script type=\"application\/ld+json\" class=\"yoast-schema-graph\">{\"@context\":\"https:\/\/schema.org\",\"@graph\":[{\"@type\":\"WebPage\",\"@id\":\"https:\/\/atelierarchitecturecroisette.fr\/intemporellesappart\/\",\"url\":\"https:\/\/atelierarchitecturecroisette.fr\/intemporellesappart\/\",\"name\":\"Appartements de style intemporel Cannes : R\u00e9alisations\",\"isPartOf\":{\"@id\":\"https:\/\/atelierarchitecturecroisette.fr\/#website\"},\"datePublished\":\"2019-08-27T21:21:31+00:00\",\"dateModified\":\"2021-07-30T09:54:11+00:00\",\"description\":\"Appr\u00e9ciez notre savoir-faire en d\u00e9couvrant nos appartements r\u00e9nov\u00e9s de style intemporels par notre cabinet d'architectes \u00e0 Cannes.\",\"breadcrumb\":{\"@id\":\"https:\/\/atelierarchitecturecroisette.fr\/intemporellesappart\/#breadcrumb\"},\"inLanguage\":\"en-US\",\"potentialAction\":[{\"@type\":\"ReadAction\",\"target\":[\"https:\/\/atelierarchitecturecroisette.fr\/intemporellesappart\/\"]}]},{\"@type\":\"BreadcrumbList\",\"@id\":\"https:\/\/atelierarchitecturecroisette.fr\/intemporellesappart\/#breadcrumb\",\"itemListElement\":[{\"@type\":\"ListItem\",\"position\":1,\"name\":\"Accueil\",\"item\":\"https:\/\/atelierarchitecturecroisette.fr\/en\/\"},{\"@type\":\"ListItem\",\"position\":2,\"name\":\"Appartements de style intemporel : nos r\u00e9alisations\"}]},{\"@type\":\"WebSite\",\"@id\":\"https:\/\/atelierarchitecturecroisette.fr\/#website\",\"url\":\"https:\/\/atelierarchitecturecroisette.fr\/\",\"name\":\"Atelier Architecture Croisette\",\"description\":\"\",\"potentialAction\":[{\"@type\":\"SearchAction\",\"target\":{\"@type\":\"EntryPoint\",\"urlTemplate\":\"https:\/\/atelierarchitecturecroisette.fr\/?s={search_term_string}\"},\"query-input\":\"required name=search_term_string\"}],\"inLanguage\":\"en-US\"}]}<\/script>\n<!-- \/ Yoast SEO plugin. -->","yoast_head_json":{"title":"Appartements de style intemporel Cannes : R\u00e9alisations","description":"Appr\u00e9ciez notre savoir-faire en d\u00e9couvrant nos appartements r\u00e9nov\u00e9s de style intemporels par notre cabinet d'architectes \u00e0 Cannes.","robots":{"index":"index","follow":"follow","max-snippet":"max-snippet:-1","max-image-preview":"max-image-preview:large","max-video-preview":"max-video-preview:-1"},"canonical":"https:\/\/atelierarchitecturecroisette.fr\/intemporellesappart\/","og_locale":"en_US","og_type":"article","og_title":"Appartements de style intemporel Cannes : R\u00e9alisations","og_description":"Appr\u00e9ciez notre savoir-faire en d\u00e9couvrant nos appartements r\u00e9nov\u00e9s de style intemporels par notre cabinet d'architectes \u00e0 Cannes.","og_url":"https:\/\/atelierarchitecturecroisette.fr\/intemporellesappart\/","og_site_name":"Atelier Architecture Croisette","article_modified_time":"2021-07-30T09:54:11+00:00","twitter_card":"summary_large_image","twitter_misc":{"Est. reading time":"8 minutes"},"schema":{"@context":"https:\/\/schema.org","@graph":[{"@type":"WebPage","@id":"https:\/\/atelierarchitecturecroisette.fr\/intemporellesappart\/","url":"https:\/\/atelierarchitecturecroisette.fr\/intemporellesappart\/","name":"Appartements de style intemporel Cannes : R\u00e9alisations","isPartOf":{"@id":"https:\/\/atelierarchitecturecroisette.fr\/#website"},"datePublished":"2019-08-27T21:21:31+00:00","dateModified":"2021-07-30T09:54:11+00:00","description":"Appr\u00e9ciez notre savoir-faire en d\u00e9couvrant nos appartements r\u00e9nov\u00e9s de style intemporels par notre cabinet d'architectes \u00e0 Cannes.","breadcrumb":{"@id":"https:\/\/atelierarchitecturecroisette.fr\/intemporellesappart\/#breadcrumb"},"inLanguage":"en-US","potentialAction":[{"@type":"ReadAction","target":["https:\/\/atelierarchitecturecroisette.fr\/intemporellesappart\/"]}]},{"@type":"BreadcrumbList","@id":"https:\/\/atelierarchitecturecroisette.fr\/intemporellesappart\/#breadcrumb","itemListElement":[{"@type":"ListItem","position":1,"name":"Accueil","item":"https:\/\/atelierarchitecturecroisette.fr\/en\/"},{"@type":"ListItem","position":2,"name":"Appartements de style intemporel : nos r\u00e9alisations"}]},{"@type":"WebSite","@id":"https:\/\/atelierarchitecturecroisette.fr\/#website","url":"https:\/\/atelierarchitecturecroisette.fr\/","name":"Atelier Architecture Croisette","description":"","potentialAction":[{"@type":"SearchAction","target":{"@type":"EntryPoint","urlTemplate":"https:\/\/atelierarchitecturecroisette.fr\/?s={search_term_string}"},"query-input":"required name=search_term_string"}],"inLanguage":"en-US"}]}},"_links":{"self":[{"href":"https:\/\/atelierarchitecturecroisette.fr\/en\/wp-json\/wp\/v2\/pages\/2929"}],"collection":[{"href":"https:\/\/atelierarchitecturecroisette.fr\/en\/wp-json\/wp\/v2\/pages"}],"about":[{"href":"https:\/\/atelierarchitecturecroisette.fr\/en\/wp-json\/wp\/v2\/types\/page"}],"author":[{"embeddable":true,"href":"https:\/\/atelierarchitecturecroisette.fr\/en\/wp-json\/wp\/v2\/users\/3"}],"replies":[{"embeddable":true,"href":"https:\/\/atelierarchitecturecroisette.fr\/en\/wp-json\/wp\/v2\/comments?post=2929"}],"version-history":[{"count":0,"href":"https:\/\/atelierarchitecturecroisette.fr\/en\/wp-json\/wp\/v2\/pages\/2929\/revisions"}],"wp:attachment":[{"href":"https:\/\/atelierarchitecturecroisette.fr\/en\/wp-json\/wp\/v2\/media?parent=2929"}],"curies":[{"name":"wp","href":"https:\/\/api.w.org\/{rel}","templated":true}]}}